{"id":209440,"date":"2024-09-09T07:40:14","date_gmt":"2024-09-09T07:40:14","guid":{"rendered":"https:\/\/www.mountaindropoffs.com\/kontaktuppgifter\/"},"modified":"2025-01-15T12:11:25","modified_gmt":"2025-01-15T12:11:25","slug":"kontaktuppgifter","status":"publish","type":"page","link":"https:\/\/mdo.juno.io\/sv\/kontaktuppgifter\/","title":{"rendered":"Kontaktuppgifter"},"content":{"rendered":"<h3>Ringa in bergsavl\u00e4mningar<\/h3>\n<p>Beh\u00f6ver du prata med oss p\u00e5 engelska eller franska? Inga problem, ring oss p\u00e5 n\u00e5got av telefonnumren nedan s\u00e5 hj\u00e4lper vi g\u00e4rna till. Eller kolla v\u00e5r sida med vanliga fr\u00e5gor och svar!<\/p>\n<p>+33 (0)4 50 47 17 73 &#8211; Frankrike<br \/>\n+44 (0)207 0434 874 &#8211; Storbritannien<\/p>\n","protected":false},"excerpt":{"rendered":"<p>Ringa in bergsavl\u00e4mningar Beh\u00f6ver du prata med oss p\u00e5 engelska eller franska? Inga problem, ring oss p\u00e5 n\u00e5got av telefonnumren nedan s\u00e5 hj\u00e4lper vi g\u00e4rna till. Eller kolla v\u00e5r sida med vanliga fr\u00e5gor och svar! +33 (0)4 50 47 17 73 &#8211; Frankrike +44 (0)207 0434 874 &#8211; Storbritannien<\/p>\n","protected":false},"author":1,"featured_media":216048,"parent":0,"menu_order":0,"comment_status":"closed","ping_status":"closed","template":"template-contact.php","meta":{"_acf_changed":false,"inline_featured_image":false,"footnotes":""},"class_list":["post-209440","page","type-page","status-publish","has-post-thumbnail","hentry"],"acf":[],"yoast_head":"<!-- This site is optimized with the Yoast SEO plugin v26.8 - https:\/\/yoast.com\/product\/yoast-seo-wordpress\/ -->\n<title>Kontaktuppgifter - Mountain Dropoffs<\/title>\n<meta name=\"robots\" content=\"index, follow, max-snippet:-1, max-image-preview:large, max-video-preview:-1\" \/>\n<link rel=\"canonical\" href=\"https:\/\/mdo.juno.io\/sv\/kontaktuppgifter\/\" \/>\n<meta property=\"og:locale\" content=\"sv_SE\" \/>\n<meta property=\"og:type\" content=\"article\" \/>\n<meta property=\"og:title\" content=\"Kontaktuppgifter - Mountain Dropoffs\" \/>\n<meta property=\"og:description\" content=\"Ringa in bergsavl\u00e4mningar Beh\u00f6ver du prata med oss p\u00e5 engelska eller franska? Inga problem, ring oss p\u00e5 n\u00e5got av telefonnumren nedan s\u00e5 hj\u00e4lper vi g\u00e4rna till. Eller kolla v\u00e5r sida med vanliga fr\u00e5gor och svar! +33 (0)4 50 47 17 73 &#8211; Frankrike +44 (0)207 0434 874 &#8211; Storbritannien\" \/>\n<meta property=\"og:url\" content=\"https:\/\/mdo.juno.io\/sv\/kontaktuppgifter\/\" \/>\n<meta property=\"og:site_name\" content=\"Mountain Dropoffs\" \/>\n<meta property=\"article:modified_time\" content=\"2025-01-15T12:11:25+00:00\" \/>\n<meta property=\"og:image\" content=\"https:\/\/mdo.juno.io\/wp-content\/uploads\/2024\/09\/nicolas-cool-SpNbLsJuuYQ-unsplash-2.jpg\" \/>\n\t<meta property=\"og:image:width\" content=\"2400\" \/>\n\t<meta property=\"og:image:height\" content=\"1340\" \/>\n\t<meta property=\"og:image:type\" content=\"image\/jpeg\" \/>\n<meta name=\"twitter:card\" content=\"summary_large_image\" \/>\n<script type=\"application\/ld+json\" class=\"yoast-schema-graph\">{\"@context\":\"https:\/\/schema.org\",\"@graph\":[{\"@type\":\"WebPage\",\"@id\":\"https:\/\/mdo.juno.io\/sv\/kontaktuppgifter\/\",\"url\":\"https:\/\/mdo.juno.io\/sv\/kontaktuppgifter\/\",\"name\":\"Kontaktuppgifter - Mountain Dropoffs\",\"isPartOf\":{\"@id\":\"https:\/\/mdo.juno.io\/sv\/#website\"},\"primaryImageOfPage\":{\"@id\":\"https:\/\/mdo.juno.io\/sv\/kontaktuppgifter\/#primaryimage\"},\"image\":{\"@id\":\"https:\/\/mdo.juno.io\/sv\/kontaktuppgifter\/#primaryimage\"},\"thumbnailUrl\":\"https:\/\/mdo.juno.io\/wp-content\/uploads\/2024\/09\/nicolas-cool-SpNbLsJuuYQ-unsplash-2.jpg\",\"datePublished\":\"2024-09-09T07:40:14+00:00\",\"dateModified\":\"2025-01-15T12:11:25+00:00\",\"breadcrumb\":{\"@id\":\"https:\/\/mdo.juno.io\/sv\/kontaktuppgifter\/#breadcrumb\"},\"inLanguage\":\"sv-SE\",\"potentialAction\":[{\"@type\":\"ReadAction\",\"target\":[\"https:\/\/mdo.juno.io\/sv\/kontaktuppgifter\/\"]}]},{\"@type\":\"ImageObject\",\"inLanguage\":\"sv-SE\",\"@id\":\"https:\/\/mdo.juno.io\/sv\/kontaktuppgifter\/#primaryimage\",\"url\":\"https:\/\/mdo.juno.io\/wp-content\/uploads\/2024\/09\/nicolas-cool-SpNbLsJuuYQ-unsplash-2.jpg\",\"contentUrl\":\"https:\/\/mdo.juno.io\/wp-content\/uploads\/2024\/09\/nicolas-cool-SpNbLsJuuYQ-unsplash-2.jpg\",\"width\":2400,\"height\":1340},{\"@type\":\"BreadcrumbList\",\"@id\":\"https:\/\/mdo.juno.io\/sv\/kontaktuppgifter\/#breadcrumb\",\"itemListElement\":[{\"@type\":\"ListItem\",\"position\":1,\"name\":\"Home\",\"item\":\"https:\/\/mdo.juno.io\/sv\/\"},{\"@type\":\"ListItem\",\"position\":2,\"name\":\"Kontaktuppgifter\"}]},{\"@type\":\"WebSite\",\"@id\":\"https:\/\/mdo.juno.io\/sv\/#website\",\"url\":\"https:\/\/mdo.juno.io\/sv\/\",\"name\":\"Mountain Dropoffs\",\"description\":\"\",\"potentialAction\":[{\"@type\":\"SearchAction\",\"target\":{\"@type\":\"EntryPoint\",\"urlTemplate\":\"https:\/\/mdo.juno.io\/sv\/?s={search_term_string}\"},\"query-input\":{\"@type\":\"PropertyValueSpecification\",\"valueRequired\":true,\"valueName\":\"search_term_string\"}}],\"inLanguage\":\"sv-SE\"}]}<\/script>\n<!-- \/ Yoast SEO plugin. -->","yoast_head_json":{"title":"Kontaktuppgifter - Mountain Dropoffs","robots":{"index":"index","follow":"follow","max-snippet":"max-snippet:-1","max-image-preview":"max-image-preview:large","max-video-preview":"max-video-preview:-1"},"canonical":"https:\/\/mdo.juno.io\/sv\/kontaktuppgifter\/","og_locale":"sv_SE","og_type":"article","og_title":"Kontaktuppgifter - Mountain Dropoffs","og_description":"Ringa in bergsavl\u00e4mningar Beh\u00f6ver du prata med oss p\u00e5 engelska eller franska? Inga problem, ring oss p\u00e5 n\u00e5got av telefonnumren nedan s\u00e5 hj\u00e4lper vi g\u00e4rna till. Eller kolla v\u00e5r sida med vanliga fr\u00e5gor och svar! +33 (0)4 50 47 17 73 &#8211; Frankrike +44 (0)207 0434 874 &#8211; Storbritannien","og_url":"https:\/\/mdo.juno.io\/sv\/kontaktuppgifter\/","og_site_name":"Mountain Dropoffs","article_modified_time":"2025-01-15T12:11:25+00:00","og_image":[{"width":2400,"height":1340,"url":"https:\/\/mdo.juno.io\/wp-content\/uploads\/2024\/09\/nicolas-cool-SpNbLsJuuYQ-unsplash-2.jpg","type":"image\/jpeg"}],"twitter_card":"summary_large_image","schema":{"@context":"https:\/\/schema.org","@graph":[{"@type":"WebPage","@id":"https:\/\/mdo.juno.io\/sv\/kontaktuppgifter\/","url":"https:\/\/mdo.juno.io\/sv\/kontaktuppgifter\/","name":"Kontaktuppgifter - Mountain Dropoffs","isPartOf":{"@id":"https:\/\/mdo.juno.io\/sv\/#website"},"primaryImageOfPage":{"@id":"https:\/\/mdo.juno.io\/sv\/kontaktuppgifter\/#primaryimage"},"image":{"@id":"https:\/\/mdo.juno.io\/sv\/kontaktuppgifter\/#primaryimage"},"thumbnailUrl":"https:\/\/mdo.juno.io\/wp-content\/uploads\/2024\/09\/nicolas-cool-SpNbLsJuuYQ-unsplash-2.jpg","datePublished":"2024-09-09T07:40:14+00:00","dateModified":"2025-01-15T12:11:25+00:00","breadcrumb":{"@id":"https:\/\/mdo.juno.io\/sv\/kontaktuppgifter\/#breadcrumb"},"inLanguage":"sv-SE","potentialAction":[{"@type":"ReadAction","target":["https:\/\/mdo.juno.io\/sv\/kontaktuppgifter\/"]}]},{"@type":"ImageObject","inLanguage":"sv-SE","@id":"https:\/\/mdo.juno.io\/sv\/kontaktuppgifter\/#primaryimage","url":"https:\/\/mdo.juno.io\/wp-content\/uploads\/2024\/09\/nicolas-cool-SpNbLsJuuYQ-unsplash-2.jpg","contentUrl":"https:\/\/mdo.juno.io\/wp-content\/uploads\/2024\/09\/nicolas-cool-SpNbLsJuuYQ-unsplash-2.jpg","width":2400,"height":1340},{"@type":"BreadcrumbList","@id":"https:\/\/mdo.juno.io\/sv\/kontaktuppgifter\/#breadcrumb","itemListElement":[{"@type":"ListItem","position":1,"name":"Home","item":"https:\/\/mdo.juno.io\/sv\/"},{"@type":"ListItem","position":2,"name":"Kontaktuppgifter"}]},{"@type":"WebSite","@id":"https:\/\/mdo.juno.io\/sv\/#website","url":"https:\/\/mdo.juno.io\/sv\/","name":"Mountain Dropoffs","description":"","potentialAction":[{"@type":"SearchAction","target":{"@type":"EntryPoint","urlTemplate":"https:\/\/mdo.juno.io\/sv\/?s={search_term_string}"},"query-input":{"@type":"PropertyValueSpecification","valueRequired":true,"valueName":"search_term_string"}}],"inLanguage":"sv-SE"}]}},"_links":{"self":[{"href":"https:\/\/mdo.juno.io\/sv\/wp-json\/wp\/v2\/pages\/209440","targetHints":{"allow":["GET"]}}],"collection":[{"href":"https:\/\/mdo.juno.io\/sv\/wp-json\/wp\/v2\/pages"}],"about":[{"href":"https:\/\/mdo.juno.io\/sv\/wp-json\/wp\/v2\/types\/page"}],"author":[{"embeddable":true,"href":"https:\/\/mdo.juno.io\/sv\/wp-json\/wp\/v2\/users\/1"}],"replies":[{"embeddable":true,"href":"https:\/\/mdo.juno.io\/sv\/wp-json\/wp\/v2\/comments?post=209440"}],"version-history":[{"count":0,"href":"https:\/\/mdo.juno.io\/sv\/wp-json\/wp\/v2\/pages\/209440\/revisions"}],"wp:featuredmedia":[{"embeddable":true,"href":"https:\/\/mdo.juno.io\/sv\/wp-json\/wp\/v2\/media\/216048"}],"wp:attachment":[{"href":"https:\/\/mdo.juno.io\/sv\/wp-json\/wp\/v2\/media?parent=209440"}],"curies":[{"name":"wp","href":"https:\/\/api.w.org\/{rel}","templated":true}]}}