{"id":209434,"date":"2024-09-09T09:17:03","date_gmt":"2024-09-09T09:17:03","guid":{"rendered":"https:\/\/www.mountaindropoffs.com\/annonsera-med-oss\/"},"modified":"2025-01-15T12:05:01","modified_gmt":"2025-01-15T12:05:01","slug":"annonsera-med-oss","status":"publish","type":"page","link":"https:\/\/mdo.juno.io\/sv\/annonsera-med-oss\/","title":{"rendered":"Annonsera med oss"},"content":{"rendered":"<h3>Bussreklam<\/h3>\n<p>Mountain Drop-offs \u00e4r Chamonix \u00e4ldsta f\u00f6retag f\u00f6r flygplatstransfer. Med dagliga transporter transporterar vi tusentals m\u00e4nniskor. V\u00e5ra sk\u00e5pbilar erbjuder den perfekta m\u00f6jligheten f\u00f6r annons\u00f6rer att <strong>engagera sig med m\u00e5lgrupper \u00f6ver Alperna <\/strong>.    <\/p>\n<p><strong>Genom att annonsera p\u00e5 baksidan av en sk\u00e5pbil fr\u00e5n Mountain Drop-offs f\u00e5r du m\u00f6jlighet att n\u00e5 ut:<\/strong><\/p>\n<ul>\n<li style=\"list-style-type: none;\">\n<ul>\n<li>lokal publik<\/li>\n<li>Turister<\/li>\n<li>Pendlare<\/li>\n<\/ul>\n<\/li>\n<\/ul>\n<p>V\u00e5ra rutter t\u00e4cker Gen\u00e8ve, Chamonix, Argentiere, Les Houches, Vallorcine, Meg\u00e8ve, Saint GervaisLes ContaminesCombloux, Morzine, Les Gets, Avoriaz, Flaine, Les Carroz, Gen\u00e8ve flygplats, Grenoble flygplats, Annecy, Talloires, Evian Les Bains, Meribel, Courchevel, Courmayeur, Tignes, Val d&#8217;Isere, Verbier, Zermatt, Les Arcs och La Plagne<\/p>\n<p><a href=\"https:\/\/www.mountaindropoffs.com\/contact-details\/\">Kontakta oss f\u00f6r mer information<\/a><\/p>\n<div id=\"gtx-trans\" style=\"position: absolute; left: 618px; top: 289.516px;\">\n<div class=\"gtx-trans-icon\"><\/div>\n<\/div>\n","protected":false},"excerpt":{"rendered":"<p>Bussreklam Mountain Drop-offs \u00e4r Chamonix \u00e4ldsta f\u00f6retag f\u00f6r flygplatstransfer. Med dagliga transporter transporterar vi tusentals m\u00e4nniskor. V\u00e5ra sk\u00e5pbilar erbjuder den perfekta m\u00f6jligheten f\u00f6r annons\u00f6rer att engagera sig med m\u00e5lgrupper \u00f6ver Alperna . Genom att annonsera p\u00e5 baksidan av en sk\u00e5pbil fr\u00e5n Mountain Drop-offs f\u00e5r du m\u00f6jlighet att n\u00e5 ut: lokal publik Turister Pendlare V\u00e5ra rutter [&hellip;]<\/p>\n","protected":false},"author":1,"featured_media":209436,"parent":0,"menu_order":0,"comment_status":"closed","ping_status":"closed","template":"template-standard.php","meta":{"_acf_changed":false,"inline_featured_image":false,"footnotes":""},"class_list":["post-209434","page","type-page","status-publish","has-post-thumbnail","hentry"],"acf":[],"yoast_head":"<!-- This site is optimized with the Yoast SEO plugin v26.8 - https:\/\/yoast.com\/product\/yoast-seo-wordpress\/ -->\n<title>Annonsera med oss - Mountain Dropoffs<\/title>\n<meta name=\"robots\" content=\"index, follow, max-snippet:-1, max-image-preview:large, max-video-preview:-1\" \/>\n<link rel=\"canonical\" href=\"https:\/\/mdo.juno.io\/sv\/annonsera-med-oss\/\" \/>\n<meta property=\"og:locale\" content=\"sv_SE\" \/>\n<meta property=\"og:type\" content=\"article\" \/>\n<meta property=\"og:title\" content=\"Annonsera med oss - Mountain Dropoffs\" \/>\n<meta property=\"og:description\" content=\"Bussreklam Mountain Drop-offs \u00e4r Chamonix \u00e4ldsta f\u00f6retag f\u00f6r flygplatstransfer. Med dagliga transporter transporterar vi tusentals m\u00e4nniskor. V\u00e5ra sk\u00e5pbilar erbjuder den perfekta m\u00f6jligheten f\u00f6r annons\u00f6rer att engagera sig med m\u00e5lgrupper \u00f6ver Alperna . Genom att annonsera p\u00e5 baksidan av en sk\u00e5pbil fr\u00e5n Mountain Drop-offs f\u00e5r du m\u00f6jlighet att n\u00e5 ut: lokal publik Turister Pendlare V\u00e5ra rutter [&hellip;]\" \/>\n<meta property=\"og:url\" content=\"https:\/\/mdo.juno.io\/sv\/annonsera-med-oss\/\" \/>\n<meta property=\"og:site_name\" content=\"Mountain Dropoffs\" \/>\n<meta property=\"article:modified_time\" content=\"2025-01-15T12:05:01+00:00\" \/>\n<meta property=\"og:image\" content=\"https:\/\/mdo.juno.io\/wp-content\/uploads\/2018\/10\/44132118_1652715184834197_8191255025842913280_o-e1726249603278.jpg\" \/>\n\t<meta property=\"og:image:width\" content=\"1921\" \/>\n\t<meta property=\"og:image:height\" content=\"1280\" \/>\n\t<meta property=\"og:image:type\" content=\"image\/jpeg\" \/>\n<meta name=\"twitter:card\" content=\"summary_large_image\" \/>\n<meta name=\"twitter:label1\" content=\"Ber\u00e4knad l\u00e4stid\" \/>\n\t<meta name=\"twitter:data1\" content=\"1 minut\" \/>\n<script type=\"application\/ld+json\" class=\"yoast-schema-graph\">{\"@context\":\"https:\/\/schema.org\",\"@graph\":[{\"@type\":\"WebPage\",\"@id\":\"https:\/\/mdo.juno.io\/sv\/annonsera-med-oss\/\",\"url\":\"https:\/\/mdo.juno.io\/sv\/annonsera-med-oss\/\",\"name\":\"Annonsera med oss - Mountain Dropoffs\",\"isPartOf\":{\"@id\":\"https:\/\/mdo.juno.io\/sv\/#website\"},\"primaryImageOfPage\":{\"@id\":\"https:\/\/mdo.juno.io\/sv\/annonsera-med-oss\/#primaryimage\"},\"image\":{\"@id\":\"https:\/\/mdo.juno.io\/sv\/annonsera-med-oss\/#primaryimage\"},\"thumbnailUrl\":\"https:\/\/mdo.juno.io\/wp-content\/uploads\/2018\/10\/44132118_1652715184834197_8191255025842913280_o-e1726249603278.jpg\",\"datePublished\":\"2024-09-09T09:17:03+00:00\",\"dateModified\":\"2025-01-15T12:05:01+00:00\",\"breadcrumb\":{\"@id\":\"https:\/\/mdo.juno.io\/sv\/annonsera-med-oss\/#breadcrumb\"},\"inLanguage\":\"sv-SE\",\"potentialAction\":[{\"@type\":\"ReadAction\",\"target\":[\"https:\/\/mdo.juno.io\/sv\/annonsera-med-oss\/\"]}]},{\"@type\":\"ImageObject\",\"inLanguage\":\"sv-SE\",\"@id\":\"https:\/\/mdo.juno.io\/sv\/annonsera-med-oss\/#primaryimage\",\"url\":\"https:\/\/mdo.juno.io\/wp-content\/uploads\/2018\/10\/44132118_1652715184834197_8191255025842913280_o-e1726249603278.jpg\",\"contentUrl\":\"https:\/\/mdo.juno.io\/wp-content\/uploads\/2018\/10\/44132118_1652715184834197_8191255025842913280_o-e1726249603278.jpg\",\"width\":1921,\"height\":1280},{\"@type\":\"BreadcrumbList\",\"@id\":\"https:\/\/mdo.juno.io\/sv\/annonsera-med-oss\/#breadcrumb\",\"itemListElement\":[{\"@type\":\"ListItem\",\"position\":1,\"name\":\"Home\",\"item\":\"https:\/\/mdo.juno.io\/sv\/\"},{\"@type\":\"ListItem\",\"position\":2,\"name\":\"Annonsera med oss\"}]},{\"@type\":\"WebSite\",\"@id\":\"https:\/\/mdo.juno.io\/sv\/#website\",\"url\":\"https:\/\/mdo.juno.io\/sv\/\",\"name\":\"Mountain Dropoffs\",\"description\":\"\",\"potentialAction\":[{\"@type\":\"SearchAction\",\"target\":{\"@type\":\"EntryPoint\",\"urlTemplate\":\"https:\/\/mdo.juno.io\/sv\/?s={search_term_string}\"},\"query-input\":{\"@type\":\"PropertyValueSpecification\",\"valueRequired\":true,\"valueName\":\"search_term_string\"}}],\"inLanguage\":\"sv-SE\"}]}<\/script>\n<!-- \/ Yoast SEO plugin. -->","yoast_head_json":{"title":"Annonsera med oss - Mountain Dropoffs","robots":{"index":"index","follow":"follow","max-snippet":"max-snippet:-1","max-image-preview":"max-image-preview:large","max-video-preview":"max-video-preview:-1"},"canonical":"https:\/\/mdo.juno.io\/sv\/annonsera-med-oss\/","og_locale":"sv_SE","og_type":"article","og_title":"Annonsera med oss - Mountain Dropoffs","og_description":"Bussreklam Mountain Drop-offs \u00e4r Chamonix \u00e4ldsta f\u00f6retag f\u00f6r flygplatstransfer. Med dagliga transporter transporterar vi tusentals m\u00e4nniskor. V\u00e5ra sk\u00e5pbilar erbjuder den perfekta m\u00f6jligheten f\u00f6r annons\u00f6rer att engagera sig med m\u00e5lgrupper \u00f6ver Alperna . Genom att annonsera p\u00e5 baksidan av en sk\u00e5pbil fr\u00e5n Mountain Drop-offs f\u00e5r du m\u00f6jlighet att n\u00e5 ut: lokal publik Turister Pendlare V\u00e5ra rutter [&hellip;]","og_url":"https:\/\/mdo.juno.io\/sv\/annonsera-med-oss\/","og_site_name":"Mountain Dropoffs","article_modified_time":"2025-01-15T12:05:01+00:00","og_image":[{"width":1921,"height":1280,"url":"https:\/\/mdo.juno.io\/wp-content\/uploads\/2018\/10\/44132118_1652715184834197_8191255025842913280_o-e1726249603278.jpg","type":"image\/jpeg"}],"twitter_card":"summary_large_image","twitter_misc":{"Ber\u00e4knad l\u00e4stid":"1 minut"},"schema":{"@context":"https:\/\/schema.org","@graph":[{"@type":"WebPage","@id":"https:\/\/mdo.juno.io\/sv\/annonsera-med-oss\/","url":"https:\/\/mdo.juno.io\/sv\/annonsera-med-oss\/","name":"Annonsera med oss - Mountain Dropoffs","isPartOf":{"@id":"https:\/\/mdo.juno.io\/sv\/#website"},"primaryImageOfPage":{"@id":"https:\/\/mdo.juno.io\/sv\/annonsera-med-oss\/#primaryimage"},"image":{"@id":"https:\/\/mdo.juno.io\/sv\/annonsera-med-oss\/#primaryimage"},"thumbnailUrl":"https:\/\/mdo.juno.io\/wp-content\/uploads\/2018\/10\/44132118_1652715184834197_8191255025842913280_o-e1726249603278.jpg","datePublished":"2024-09-09T09:17:03+00:00","dateModified":"2025-01-15T12:05:01+00:00","breadcrumb":{"@id":"https:\/\/mdo.juno.io\/sv\/annonsera-med-oss\/#breadcrumb"},"inLanguage":"sv-SE","potentialAction":[{"@type":"ReadAction","target":["https:\/\/mdo.juno.io\/sv\/annonsera-med-oss\/"]}]},{"@type":"ImageObject","inLanguage":"sv-SE","@id":"https:\/\/mdo.juno.io\/sv\/annonsera-med-oss\/#primaryimage","url":"https:\/\/mdo.juno.io\/wp-content\/uploads\/2018\/10\/44132118_1652715184834197_8191255025842913280_o-e1726249603278.jpg","contentUrl":"https:\/\/mdo.juno.io\/wp-content\/uploads\/2018\/10\/44132118_1652715184834197_8191255025842913280_o-e1726249603278.jpg","width":1921,"height":1280},{"@type":"BreadcrumbList","@id":"https:\/\/mdo.juno.io\/sv\/annonsera-med-oss\/#breadcrumb","itemListElement":[{"@type":"ListItem","position":1,"name":"Home","item":"https:\/\/mdo.juno.io\/sv\/"},{"@type":"ListItem","position":2,"name":"Annonsera med oss"}]},{"@type":"WebSite","@id":"https:\/\/mdo.juno.io\/sv\/#website","url":"https:\/\/mdo.juno.io\/sv\/","name":"Mountain Dropoffs","description":"","potentialAction":[{"@type":"SearchAction","target":{"@type":"EntryPoint","urlTemplate":"https:\/\/mdo.juno.io\/sv\/?s={search_term_string}"},"query-input":{"@type":"PropertyValueSpecification","valueRequired":true,"valueName":"search_term_string"}}],"inLanguage":"sv-SE"}]}},"_links":{"self":[{"href":"https:\/\/mdo.juno.io\/sv\/wp-json\/wp\/v2\/pages\/209434","targetHints":{"allow":["GET"]}}],"collection":[{"href":"https:\/\/mdo.juno.io\/sv\/wp-json\/wp\/v2\/pages"}],"about":[{"href":"https:\/\/mdo.juno.io\/sv\/wp-json\/wp\/v2\/types\/page"}],"author":[{"embeddable":true,"href":"https:\/\/mdo.juno.io\/sv\/wp-json\/wp\/v2\/users\/1"}],"replies":[{"embeddable":true,"href":"https:\/\/mdo.juno.io\/sv\/wp-json\/wp\/v2\/comments?post=209434"}],"version-history":[{"count":0,"href":"https:\/\/mdo.juno.io\/sv\/wp-json\/wp\/v2\/pages\/209434\/revisions"}],"wp:featuredmedia":[{"embeddable":true,"href":"https:\/\/mdo.juno.io\/sv\/wp-json\/wp\/v2\/media\/209436"}],"wp:attachment":[{"href":"https:\/\/mdo.juno.io\/sv\/wp-json\/wp\/v2\/media?parent=209434"}],"curies":[{"name":"wp","href":"https:\/\/api.w.org\/{rel}","templated":true}]}}