{"id":209450,"date":"2024-09-09T09:17:03","date_gmt":"2024-09-09T09:17:03","guid":{"rendered":"https:\/\/www.mountaindropoffs.com\/anuncia-connosco\/"},"modified":"2025-01-15T12:05:04","modified_gmt":"2025-01-15T12:05:04","slug":"anuncia-connosco","status":"publish","type":"page","link":"https:\/\/mdo.juno.io\/pt-pt\/anuncia-connosco\/","title":{"rendered":"Anuncia connosco"},"content":{"rendered":"<h3>Publicidade nos autocarros<\/h3>\n<p>Mountain Drop-offs \u00e9 a mais antiga empresa de transferes do aeroporto de Chamonix. Com transfers di\u00e1rios, transportamos milhares de pessoas. As nossas carrinhas oferecem a oportunidade perfeita para os anunciantes <strong>interagirem com o p\u00fablico nos Alpes. <\/strong>   <\/p>\n<p><strong>A publicidade na parte de tr\u00e1s de uma carrinha Mountain Drop-offs d\u00e1-te a oportunidade de chegar:<\/strong><\/p>\n<ul>\n<li style=\"list-style-type: none;\">\n<ul>\n<li>p\u00fablico local<\/li>\n<li>Turistas<\/li>\n<li>Trabalhadores pendulares<\/li>\n<\/ul>\n<\/li>\n<\/ul>\n<p>As nossas rotas cobrem Genebra, Chamonix, Argentiere, Les Houches, Vallorcine, Meg\u00e8ve, Saint GervaisLes ContaminesCombloux, Morzine, Les Gets, Avoriaz, Flaine, Les Carroz, Aeroporto de Genebra, Aeroporto de Grenoble, Annecy, Talloires, Evian Les Bains, Meribel, Courchevel, Courmayeur, Tignes, Val d&#8217;Isere, Verbier, Zermatt, Les Arcs e La Plagne<\/p>\n<p><a href=\"https:\/\/www.mountaindropoffs.com\/contact-details\/\">Entra em contacto para mais informa\u00e7\u00f5es<\/a><\/p>\n<div id=\"gtx-trans\" style=\"position: absolute; left: 618px; top: 289.516px;\">\n<div class=\"gtx-trans-icon\"><\/div>\n<\/div>\n","protected":false},"excerpt":{"rendered":"<p>Publicidade nos autocarros Mountain Drop-offs \u00e9 a mais antiga empresa de transferes do aeroporto de Chamonix. Com transfers di\u00e1rios, transportamos milhares de pessoas. As nossas carrinhas oferecem a oportunidade perfeita para os anunciantes interagirem com o p\u00fablico nos Alpes. A publicidade na parte de tr\u00e1s de uma carrinha Mountain Drop-offs d\u00e1-te a oportunidade de chegar: [&hellip;]<\/p>\n","protected":false},"author":1,"featured_media":177210,"parent":0,"menu_order":0,"comment_status":"closed","ping_status":"closed","template":"template-standard.php","meta":{"_acf_changed":false,"inline_featured_image":false,"footnotes":""},"class_list":["post-209450","page","type-page","status-publish","has-post-thumbnail","hentry"],"acf":[],"yoast_head":"<!-- This site is optimized with the Yoast SEO plugin v26.8 - https:\/\/yoast.com\/product\/yoast-seo-wordpress\/ -->\n<title>Anuncia connosco - Mountain Dropoffs<\/title>\n<meta name=\"robots\" content=\"index, follow, max-snippet:-1, max-image-preview:large, max-video-preview:-1\" \/>\n<link rel=\"canonical\" href=\"https:\/\/mdo.juno.io\/pt-pt\/anuncia-connosco\/\" \/>\n<meta property=\"og:locale\" content=\"pt_PT\" \/>\n<meta property=\"og:type\" content=\"article\" \/>\n<meta property=\"og:title\" content=\"Anuncia connosco - Mountain Dropoffs\" \/>\n<meta property=\"og:description\" content=\"Publicidade nos autocarros Mountain Drop-offs \u00e9 a mais antiga empresa de transferes do aeroporto de Chamonix. Com transfers di\u00e1rios, transportamos milhares de pessoas. As nossas carrinhas oferecem a oportunidade perfeita para os anunciantes interagirem com o p\u00fablico nos Alpes. A publicidade na parte de tr\u00e1s de uma carrinha Mountain Drop-offs d\u00e1-te a oportunidade de chegar: [&hellip;]\" \/>\n<meta property=\"og:url\" content=\"https:\/\/mdo.juno.io\/pt-pt\/anuncia-connosco\/\" \/>\n<meta property=\"og:site_name\" content=\"Mountain Dropoffs\" \/>\n<meta property=\"article:modified_time\" content=\"2025-01-15T12:05:04+00:00\" \/>\n<meta property=\"og:image\" content=\"https:\/\/mdo.juno.io\/wp-content\/uploads\/2018\/10\/44132118_1652715184834197_8191255025842913280_o-e1726249603278.jpg\" \/>\n\t<meta property=\"og:image:width\" content=\"1921\" \/>\n\t<meta property=\"og:image:height\" content=\"1280\" \/>\n\t<meta property=\"og:image:type\" content=\"image\/jpeg\" \/>\n<meta name=\"twitter:card\" content=\"summary_large_image\" \/>\n<meta name=\"twitter:label1\" content=\"Tempo estimado de leitura\" \/>\n\t<meta name=\"twitter:data1\" content=\"1 minuto\" \/>\n<script type=\"application\/ld+json\" class=\"yoast-schema-graph\">{\"@context\":\"https:\/\/schema.org\",\"@graph\":[{\"@type\":\"WebPage\",\"@id\":\"https:\/\/mdo.juno.io\/pt-pt\/anuncia-connosco\/\",\"url\":\"https:\/\/mdo.juno.io\/pt-pt\/anuncia-connosco\/\",\"name\":\"Anuncia connosco - Mountain Dropoffs\",\"isPartOf\":{\"@id\":\"https:\/\/mdo.juno.io\/pt-pt\/#website\"},\"primaryImageOfPage\":{\"@id\":\"https:\/\/mdo.juno.io\/pt-pt\/anuncia-connosco\/#primaryimage\"},\"image\":{\"@id\":\"https:\/\/mdo.juno.io\/pt-pt\/anuncia-connosco\/#primaryimage\"},\"thumbnailUrl\":\"https:\/\/mdo.juno.io\/wp-content\/uploads\/2018\/10\/44132118_1652715184834197_8191255025842913280_o-e1726249603278.jpg\",\"datePublished\":\"2024-09-09T09:17:03+00:00\",\"dateModified\":\"2025-01-15T12:05:04+00:00\",\"breadcrumb\":{\"@id\":\"https:\/\/mdo.juno.io\/pt-pt\/anuncia-connosco\/#breadcrumb\"},\"inLanguage\":\"pt-PT\",\"potentialAction\":[{\"@type\":\"ReadAction\",\"target\":[\"https:\/\/mdo.juno.io\/pt-pt\/anuncia-connosco\/\"]}]},{\"@type\":\"ImageObject\",\"inLanguage\":\"pt-PT\",\"@id\":\"https:\/\/mdo.juno.io\/pt-pt\/anuncia-connosco\/#primaryimage\",\"url\":\"https:\/\/mdo.juno.io\/wp-content\/uploads\/2018\/10\/44132118_1652715184834197_8191255025842913280_o-e1726249603278.jpg\",\"contentUrl\":\"https:\/\/mdo.juno.io\/wp-content\/uploads\/2018\/10\/44132118_1652715184834197_8191255025842913280_o-e1726249603278.jpg\",\"width\":1921,\"height\":1280,\"caption\":\"advertise with mountain drop offs\"},{\"@type\":\"BreadcrumbList\",\"@id\":\"https:\/\/mdo.juno.io\/pt-pt\/anuncia-connosco\/#breadcrumb\",\"itemListElement\":[{\"@type\":\"ListItem\",\"position\":1,\"name\":\"Home\",\"item\":\"https:\/\/mdo.juno.io\/pt-pt\/\"},{\"@type\":\"ListItem\",\"position\":2,\"name\":\"Anuncia connosco\"}]},{\"@type\":\"WebSite\",\"@id\":\"https:\/\/mdo.juno.io\/pt-pt\/#website\",\"url\":\"https:\/\/mdo.juno.io\/pt-pt\/\",\"name\":\"Mountain Dropoffs\",\"description\":\"\",\"potentialAction\":[{\"@type\":\"SearchAction\",\"target\":{\"@type\":\"EntryPoint\",\"urlTemplate\":\"https:\/\/mdo.juno.io\/pt-pt\/?s={search_term_string}\"},\"query-input\":{\"@type\":\"PropertyValueSpecification\",\"valueRequired\":true,\"valueName\":\"search_term_string\"}}],\"inLanguage\":\"pt-PT\"}]}<\/script>\n<!-- \/ Yoast SEO plugin. -->","yoast_head_json":{"title":"Anuncia connosco - Mountain Dropoffs","robots":{"index":"index","follow":"follow","max-snippet":"max-snippet:-1","max-image-preview":"max-image-preview:large","max-video-preview":"max-video-preview:-1"},"canonical":"https:\/\/mdo.juno.io\/pt-pt\/anuncia-connosco\/","og_locale":"pt_PT","og_type":"article","og_title":"Anuncia connosco - Mountain Dropoffs","og_description":"Publicidade nos autocarros Mountain Drop-offs \u00e9 a mais antiga empresa de transferes do aeroporto de Chamonix. Com transfers di\u00e1rios, transportamos milhares de pessoas. As nossas carrinhas oferecem a oportunidade perfeita para os anunciantes interagirem com o p\u00fablico nos Alpes. A publicidade na parte de tr\u00e1s de uma carrinha Mountain Drop-offs d\u00e1-te a oportunidade de chegar: [&hellip;]","og_url":"https:\/\/mdo.juno.io\/pt-pt\/anuncia-connosco\/","og_site_name":"Mountain Dropoffs","article_modified_time":"2025-01-15T12:05:04+00:00","og_image":[{"width":1921,"height":1280,"url":"https:\/\/mdo.juno.io\/wp-content\/uploads\/2018\/10\/44132118_1652715184834197_8191255025842913280_o-e1726249603278.jpg","type":"image\/jpeg"}],"twitter_card":"summary_large_image","twitter_misc":{"Tempo estimado de leitura":"1 minuto"},"schema":{"@context":"https:\/\/schema.org","@graph":[{"@type":"WebPage","@id":"https:\/\/mdo.juno.io\/pt-pt\/anuncia-connosco\/","url":"https:\/\/mdo.juno.io\/pt-pt\/anuncia-connosco\/","name":"Anuncia connosco - Mountain Dropoffs","isPartOf":{"@id":"https:\/\/mdo.juno.io\/pt-pt\/#website"},"primaryImageOfPage":{"@id":"https:\/\/mdo.juno.io\/pt-pt\/anuncia-connosco\/#primaryimage"},"image":{"@id":"https:\/\/mdo.juno.io\/pt-pt\/anuncia-connosco\/#primaryimage"},"thumbnailUrl":"https:\/\/mdo.juno.io\/wp-content\/uploads\/2018\/10\/44132118_1652715184834197_8191255025842913280_o-e1726249603278.jpg","datePublished":"2024-09-09T09:17:03+00:00","dateModified":"2025-01-15T12:05:04+00:00","breadcrumb":{"@id":"https:\/\/mdo.juno.io\/pt-pt\/anuncia-connosco\/#breadcrumb"},"inLanguage":"pt-PT","potentialAction":[{"@type":"ReadAction","target":["https:\/\/mdo.juno.io\/pt-pt\/anuncia-connosco\/"]}]},{"@type":"ImageObject","inLanguage":"pt-PT","@id":"https:\/\/mdo.juno.io\/pt-pt\/anuncia-connosco\/#primaryimage","url":"https:\/\/mdo.juno.io\/wp-content\/uploads\/2018\/10\/44132118_1652715184834197_8191255025842913280_o-e1726249603278.jpg","contentUrl":"https:\/\/mdo.juno.io\/wp-content\/uploads\/2018\/10\/44132118_1652715184834197_8191255025842913280_o-e1726249603278.jpg","width":1921,"height":1280,"caption":"advertise with mountain drop offs"},{"@type":"BreadcrumbList","@id":"https:\/\/mdo.juno.io\/pt-pt\/anuncia-connosco\/#breadcrumb","itemListElement":[{"@type":"ListItem","position":1,"name":"Home","item":"https:\/\/mdo.juno.io\/pt-pt\/"},{"@type":"ListItem","position":2,"name":"Anuncia connosco"}]},{"@type":"WebSite","@id":"https:\/\/mdo.juno.io\/pt-pt\/#website","url":"https:\/\/mdo.juno.io\/pt-pt\/","name":"Mountain Dropoffs","description":"","potentialAction":[{"@type":"SearchAction","target":{"@type":"EntryPoint","urlTemplate":"https:\/\/mdo.juno.io\/pt-pt\/?s={search_term_string}"},"query-input":{"@type":"PropertyValueSpecification","valueRequired":true,"valueName":"search_term_string"}}],"inLanguage":"pt-PT"}]}},"_links":{"self":[{"href":"https:\/\/mdo.juno.io\/pt-pt\/wp-json\/wp\/v2\/pages\/209450","targetHints":{"allow":["GET"]}}],"collection":[{"href":"https:\/\/mdo.juno.io\/pt-pt\/wp-json\/wp\/v2\/pages"}],"about":[{"href":"https:\/\/mdo.juno.io\/pt-pt\/wp-json\/wp\/v2\/types\/page"}],"author":[{"embeddable":true,"href":"https:\/\/mdo.juno.io\/pt-pt\/wp-json\/wp\/v2\/users\/1"}],"replies":[{"embeddable":true,"href":"https:\/\/mdo.juno.io\/pt-pt\/wp-json\/wp\/v2\/comments?post=209450"}],"version-history":[{"count":0,"href":"https:\/\/mdo.juno.io\/pt-pt\/wp-json\/wp\/v2\/pages\/209450\/revisions"}],"wp:featuredmedia":[{"embeddable":true,"href":"https:\/\/mdo.juno.io\/pt-pt\/wp-json\/wp\/v2\/media\/177210"}],"wp:attachment":[{"href":"https:\/\/mdo.juno.io\/pt-pt\/wp-json\/wp\/v2\/media?parent=209450"}],"curies":[{"name":"wp","href":"https:\/\/api.w.org\/{rel}","templated":true}]}}