{"id":209408,"date":"2024-09-08T18:39:36","date_gmt":"2024-09-08T18:39:36","guid":{"rendered":"https:\/\/www.mountaindropoffs.com\/as-nossas-transferencias\/"},"modified":"2025-09-29T09:27:13","modified_gmt":"2025-09-29T09:27:13","slug":"as-nossas-transferencias","status":"publish","type":"page","link":"https:\/\/mdo.juno.io\/pt-pt\/as-nossas-transferencias\/","title":{"rendered":"As nossas transfer\u00eancias"},"content":{"rendered":"","protected":false},"excerpt":{"rendered":"","protected":false},"author":1,"featured_media":206528,"parent":0,"menu_order":0,"comment_status":"closed","ping_status":"closed","template":"template-our-transfers.php","meta":{"_acf_changed":false,"inline_featured_image":false,"footnotes":""},"class_list":["post-209408","page","type-page","status-publish","has-post-thumbnail","hentry"],"acf":[],"yoast_head":"<!-- This site is optimized with the Yoast SEO plugin v26.8 - https:\/\/yoast.com\/product\/yoast-seo-wordpress\/ -->\n<title>As nossas transfer\u00eancias - Mountain Dropoffs<\/title>\n<meta name=\"description\" content=\"Transfers partilhados ou privados, acess\u00edveis e fi\u00e1veis, do Aeroporto de Genebra para o Vale de Chamonix \u2013 e al\u00e9m \u2013 durante todo o ano.\" \/>\n<meta name=\"robots\" content=\"index, follow, max-snippet:-1, max-image-preview:large, max-video-preview:-1\" \/>\n<link rel=\"canonical\" href=\"https:\/\/mdo.juno.io\/pt-pt\/as-nossas-transferencias\/\" \/>\n<meta property=\"og:locale\" content=\"pt_PT\" \/>\n<meta property=\"og:type\" content=\"article\" \/>\n<meta property=\"og:title\" content=\"As nossas transfer\u00eancias - Mountain Dropoffs\" \/>\n<meta property=\"og:description\" content=\"Transfers partilhados ou privados, acess\u00edveis e fi\u00e1veis, do Aeroporto de Genebra para o Vale de Chamonix \u2013 e al\u00e9m \u2013 durante todo o ano.\" \/>\n<meta property=\"og:url\" content=\"https:\/\/mdo.juno.io\/pt-pt\/as-nossas-transferencias\/\" \/>\n<meta property=\"og:site_name\" content=\"Mountain Dropoffs\" \/>\n<meta property=\"article:modified_time\" content=\"2025-09-29T09:27:13+00:00\" \/>\n<meta property=\"og:image\" content=\"https:\/\/mdo.juno.io\/wp-content\/uploads\/2024\/10\/mountain-drop-offs-geneva-airport-transfers-scaled.jpg\" \/>\n\t<meta property=\"og:image:width\" content=\"2560\" \/>\n\t<meta property=\"og:image:height\" content=\"1917\" \/>\n\t<meta property=\"og:image:type\" content=\"image\/jpeg\" \/>\n<meta name=\"twitter:card\" content=\"summary_large_image\" \/>\n<meta name=\"twitter:label1\" content=\"Tempo estimado de leitura\" \/>\n\t<meta name=\"twitter:data1\" content=\"1 minuto\" \/>\n<script type=\"application\/ld+json\" class=\"yoast-schema-graph\">{\"@context\":\"https:\/\/schema.org\",\"@graph\":[{\"@type\":\"WebPage\",\"@id\":\"https:\/\/mdo.juno.io\/pt-pt\/as-nossas-transferencias\/\",\"url\":\"https:\/\/mdo.juno.io\/pt-pt\/as-nossas-transferencias\/\",\"name\":\"As nossas transfer\u00eancias - Mountain Dropoffs\",\"isPartOf\":{\"@id\":\"https:\/\/mdo.juno.io\/pt-pt\/#website\"},\"primaryImageOfPage\":{\"@id\":\"https:\/\/mdo.juno.io\/pt-pt\/as-nossas-transferencias\/#primaryimage\"},\"image\":{\"@id\":\"https:\/\/mdo.juno.io\/pt-pt\/as-nossas-transferencias\/#primaryimage\"},\"thumbnailUrl\":\"https:\/\/mdo.juno.io\/wp-content\/uploads\/2024\/10\/mountain-drop-offs-geneva-airport-transfers-scaled.jpg\",\"datePublished\":\"2024-09-08T18:39:36+00:00\",\"dateModified\":\"2025-09-29T09:27:13+00:00\",\"description\":\"Transfers partilhados ou privados, acess\u00edveis e fi\u00e1veis, do Aeroporto de Genebra para o Vale de Chamonix \u2013 e al\u00e9m \u2013 durante todo o ano.\",\"breadcrumb\":{\"@id\":\"https:\/\/mdo.juno.io\/pt-pt\/as-nossas-transferencias\/#breadcrumb\"},\"inLanguage\":\"pt-PT\",\"potentialAction\":[{\"@type\":\"ReadAction\",\"target\":[\"https:\/\/mdo.juno.io\/pt-pt\/as-nossas-transferencias\/\"]}]},{\"@type\":\"ImageObject\",\"inLanguage\":\"pt-PT\",\"@id\":\"https:\/\/mdo.juno.io\/pt-pt\/as-nossas-transferencias\/#primaryimage\",\"url\":\"https:\/\/mdo.juno.io\/wp-content\/uploads\/2024\/10\/mountain-drop-offs-geneva-airport-transfers-scaled.jpg\",\"contentUrl\":\"https:\/\/mdo.juno.io\/wp-content\/uploads\/2024\/10\/mountain-drop-offs-geneva-airport-transfers-scaled.jpg\",\"width\":2560,\"height\":1917},{\"@type\":\"BreadcrumbList\",\"@id\":\"https:\/\/mdo.juno.io\/pt-pt\/as-nossas-transferencias\/#breadcrumb\",\"itemListElement\":[{\"@type\":\"ListItem\",\"position\":1,\"name\":\"Home\",\"item\":\"https:\/\/mdo.juno.io\/pt-pt\/\"},{\"@type\":\"ListItem\",\"position\":2,\"name\":\"As nossas transfer\u00eancias\"}]},{\"@type\":\"WebSite\",\"@id\":\"https:\/\/mdo.juno.io\/pt-pt\/#website\",\"url\":\"https:\/\/mdo.juno.io\/pt-pt\/\",\"name\":\"Mountain Dropoffs\",\"description\":\"\",\"potentialAction\":[{\"@type\":\"SearchAction\",\"target\":{\"@type\":\"EntryPoint\",\"urlTemplate\":\"https:\/\/mdo.juno.io\/pt-pt\/?s={search_term_string}\"},\"query-input\":{\"@type\":\"PropertyValueSpecification\",\"valueRequired\":true,\"valueName\":\"search_term_string\"}}],\"inLanguage\":\"pt-PT\"}]}<\/script>\n<!-- \/ Yoast SEO plugin. -->","yoast_head_json":{"title":"As nossas transfer\u00eancias - Mountain Dropoffs","description":"Transfers partilhados ou privados, acess\u00edveis e fi\u00e1veis, do Aeroporto de Genebra para o Vale de Chamonix \u2013 e al\u00e9m \u2013 durante todo o ano.","robots":{"index":"index","follow":"follow","max-snippet":"max-snippet:-1","max-image-preview":"max-image-preview:large","max-video-preview":"max-video-preview:-1"},"canonical":"https:\/\/mdo.juno.io\/pt-pt\/as-nossas-transferencias\/","og_locale":"pt_PT","og_type":"article","og_title":"As nossas transfer\u00eancias - Mountain Dropoffs","og_description":"Transfers partilhados ou privados, acess\u00edveis e fi\u00e1veis, do Aeroporto de Genebra para o Vale de Chamonix \u2013 e al\u00e9m \u2013 durante todo o ano.","og_url":"https:\/\/mdo.juno.io\/pt-pt\/as-nossas-transferencias\/","og_site_name":"Mountain Dropoffs","article_modified_time":"2025-09-29T09:27:13+00:00","og_image":[{"width":2560,"height":1917,"url":"https:\/\/mdo.juno.io\/wp-content\/uploads\/2024\/10\/mountain-drop-offs-geneva-airport-transfers-scaled.jpg","type":"image\/jpeg"}],"twitter_card":"summary_large_image","twitter_misc":{"Tempo estimado de leitura":"1 minuto"},"schema":{"@context":"https:\/\/schema.org","@graph":[{"@type":"WebPage","@id":"https:\/\/mdo.juno.io\/pt-pt\/as-nossas-transferencias\/","url":"https:\/\/mdo.juno.io\/pt-pt\/as-nossas-transferencias\/","name":"As nossas transfer\u00eancias - Mountain Dropoffs","isPartOf":{"@id":"https:\/\/mdo.juno.io\/pt-pt\/#website"},"primaryImageOfPage":{"@id":"https:\/\/mdo.juno.io\/pt-pt\/as-nossas-transferencias\/#primaryimage"},"image":{"@id":"https:\/\/mdo.juno.io\/pt-pt\/as-nossas-transferencias\/#primaryimage"},"thumbnailUrl":"https:\/\/mdo.juno.io\/wp-content\/uploads\/2024\/10\/mountain-drop-offs-geneva-airport-transfers-scaled.jpg","datePublished":"2024-09-08T18:39:36+00:00","dateModified":"2025-09-29T09:27:13+00:00","description":"Transfers partilhados ou privados, acess\u00edveis e fi\u00e1veis, do Aeroporto de Genebra para o Vale de Chamonix \u2013 e al\u00e9m \u2013 durante todo o ano.","breadcrumb":{"@id":"https:\/\/mdo.juno.io\/pt-pt\/as-nossas-transferencias\/#breadcrumb"},"inLanguage":"pt-PT","potentialAction":[{"@type":"ReadAction","target":["https:\/\/mdo.juno.io\/pt-pt\/as-nossas-transferencias\/"]}]},{"@type":"ImageObject","inLanguage":"pt-PT","@id":"https:\/\/mdo.juno.io\/pt-pt\/as-nossas-transferencias\/#primaryimage","url":"https:\/\/mdo.juno.io\/wp-content\/uploads\/2024\/10\/mountain-drop-offs-geneva-airport-transfers-scaled.jpg","contentUrl":"https:\/\/mdo.juno.io\/wp-content\/uploads\/2024\/10\/mountain-drop-offs-geneva-airport-transfers-scaled.jpg","width":2560,"height":1917},{"@type":"BreadcrumbList","@id":"https:\/\/mdo.juno.io\/pt-pt\/as-nossas-transferencias\/#breadcrumb","itemListElement":[{"@type":"ListItem","position":1,"name":"Home","item":"https:\/\/mdo.juno.io\/pt-pt\/"},{"@type":"ListItem","position":2,"name":"As nossas transfer\u00eancias"}]},{"@type":"WebSite","@id":"https:\/\/mdo.juno.io\/pt-pt\/#website","url":"https:\/\/mdo.juno.io\/pt-pt\/","name":"Mountain Dropoffs","description":"","potentialAction":[{"@type":"SearchAction","target":{"@type":"EntryPoint","urlTemplate":"https:\/\/mdo.juno.io\/pt-pt\/?s={search_term_string}"},"query-input":{"@type":"PropertyValueSpecification","valueRequired":true,"valueName":"search_term_string"}}],"inLanguage":"pt-PT"}]}},"_links":{"self":[{"href":"https:\/\/mdo.juno.io\/pt-pt\/wp-json\/wp\/v2\/pages\/209408","targetHints":{"allow":["GET"]}}],"collection":[{"href":"https:\/\/mdo.juno.io\/pt-pt\/wp-json\/wp\/v2\/pages"}],"about":[{"href":"https:\/\/mdo.juno.io\/pt-pt\/wp-json\/wp\/v2\/types\/page"}],"author":[{"embeddable":true,"href":"https:\/\/mdo.juno.io\/pt-pt\/wp-json\/wp\/v2\/users\/1"}],"replies":[{"embeddable":true,"href":"https:\/\/mdo.juno.io\/pt-pt\/wp-json\/wp\/v2\/comments?post=209408"}],"version-history":[{"count":1,"href":"https:\/\/mdo.juno.io\/pt-pt\/wp-json\/wp\/v2\/pages\/209408\/revisions"}],"predecessor-version":[{"id":248988,"href":"https:\/\/mdo.juno.io\/pt-pt\/wp-json\/wp\/v2\/pages\/209408\/revisions\/248988"}],"wp:featuredmedia":[{"embeddable":true,"href":"https:\/\/mdo.juno.io\/pt-pt\/wp-json\/wp\/v2\/media\/206528"}],"wp:attachment":[{"href":"https:\/\/mdo.juno.io\/pt-pt\/wp-json\/wp\/v2\/media?parent=209408"}],"curies":[{"name":"wp","href":"https:\/\/api.w.org\/{rel}","templated":true}]}}