{"id":209451,"date":"2024-09-09T09:17:03","date_gmt":"2024-09-09T09:17:03","guid":{"rendered":"https:\/\/www.mountaindropoffs.com\/annonser-med-oss\/"},"modified":"2025-01-15T12:05:04","modified_gmt":"2025-01-15T12:05:04","slug":"annonser-med-oss","status":"publish","type":"page","link":"https:\/\/mdo.juno.io\/no\/annonser-med-oss\/","title":{"rendered":"Annonser med oss"},"content":{"rendered":"<h3>Bussreklame<\/h3>\n<p>Mountain Drop-offs er Chamonix&#8217; lengst fungerende flyplasstransportselskap. Vi transporterer tusenvis av mennesker hver dag. V\u00e5re varebiler gir annons\u00f8rer den perfekte muligheten til \u00e5 n\u00e5 ut til <strong>m\u00e5lgrupper over hele Alpene <\/strong>.    <\/p>\n<p><strong>\u00c5 annonsere p\u00e5 baksiden av en Mountain Drop-offs varebil vil gi deg muligheten til \u00e5 n\u00e5 ut:<\/strong><\/p>\n<ul>\n<li style=\"list-style-type: none;\">\n<ul>\n<li>lokalt publikum<\/li>\n<li>Turister<\/li>\n<li>Pendlere<\/li>\n<\/ul>\n<\/li>\n<\/ul>\n<p>Rutene v\u00e5re dekker Gen\u00e8ve, Chamonix, Argentiere, Les Houches, Vallorcine, Meg\u00e8ve, Saint GervaisLes ContaminesCombloux, Morzine, Les Gets, Avoriaz, Flaine, Les Carroz, Gen\u00e8ve lufthavn, Grenoble lufthavn, Annecy, Talloires, Evian Les Bains, Meribel, Courchevel, Courmayeur, Tignes, Val d&#8217;Isere, Verbier, Zermatt, Les Arcs og La Plagne.<\/p>\n<p><a href=\"https:\/\/www.mountaindropoffs.com\/contact-details\/\">Ta kontakt for mer informasjon<\/a><\/p>\n<div id=\"gtx-trans\" style=\"position: absolute; left: 618px; top: 289.516px;\">\n<div class=\"gtx-trans-icon\"><\/div>\n<\/div>\n","protected":false},"excerpt":{"rendered":"<p>Bussreklame Mountain Drop-offs er Chamonix&#8217; lengst fungerende flyplasstransportselskap. Vi transporterer tusenvis av mennesker hver dag. V\u00e5re varebiler gir annons\u00f8rer den perfekte muligheten til \u00e5 n\u00e5 ut til m\u00e5lgrupper over hele Alpene . \u00c5 annonsere p\u00e5 baksiden av en Mountain Drop-offs varebil vil gi deg muligheten til \u00e5 n\u00e5 ut: lokalt publikum Turister Pendlere Rutene v\u00e5re [&hellip;]<\/p>\n","protected":false},"author":1,"featured_media":209453,"parent":0,"menu_order":0,"comment_status":"closed","ping_status":"closed","template":"template-standard.php","meta":{"_acf_changed":false,"inline_featured_image":false,"footnotes":""},"class_list":["post-209451","page","type-page","status-publish","has-post-thumbnail","hentry"],"acf":[],"yoast_head":"<!-- This site is optimized with the Yoast SEO plugin v26.8 - https:\/\/yoast.com\/product\/yoast-seo-wordpress\/ -->\n<title>Annonser med oss - Mountain Dropoffs<\/title>\n<meta name=\"robots\" content=\"index, follow, max-snippet:-1, max-image-preview:large, max-video-preview:-1\" \/>\n<link rel=\"canonical\" href=\"https:\/\/mdo.juno.io\/no\/annonser-med-oss\/\" \/>\n<meta property=\"og:locale\" content=\"nb_NO\" \/>\n<meta property=\"og:type\" content=\"article\" \/>\n<meta property=\"og:title\" content=\"Annonser med oss - Mountain Dropoffs\" \/>\n<meta property=\"og:description\" content=\"Bussreklame Mountain Drop-offs er Chamonix&#8217; lengst fungerende flyplasstransportselskap. Vi transporterer tusenvis av mennesker hver dag. V\u00e5re varebiler gir annons\u00f8rer den perfekte muligheten til \u00e5 n\u00e5 ut til m\u00e5lgrupper over hele Alpene . \u00c5 annonsere p\u00e5 baksiden av en Mountain Drop-offs varebil vil gi deg muligheten til \u00e5 n\u00e5 ut: lokalt publikum Turister Pendlere Rutene v\u00e5re [&hellip;]\" \/>\n<meta property=\"og:url\" content=\"https:\/\/mdo.juno.io\/no\/annonser-med-oss\/\" \/>\n<meta property=\"og:site_name\" content=\"Mountain Dropoffs\" \/>\n<meta property=\"article:modified_time\" content=\"2025-01-15T12:05:04+00:00\" \/>\n<meta property=\"og:image\" content=\"https:\/\/mdo.juno.io\/wp-content\/uploads\/2018\/10\/44132118_1652715184834197_8191255025842913280_o-e1726249603278.jpg\" \/>\n\t<meta property=\"og:image:width\" content=\"1921\" \/>\n\t<meta property=\"og:image:height\" content=\"1280\" \/>\n\t<meta property=\"og:image:type\" content=\"image\/jpeg\" \/>\n<meta name=\"twitter:card\" content=\"summary_large_image\" \/>\n<meta name=\"twitter:label1\" content=\"Ansl. lesetid\" \/>\n\t<meta name=\"twitter:data1\" content=\"1 minutt\" \/>\n<script type=\"application\/ld+json\" class=\"yoast-schema-graph\">{\"@context\":\"https:\/\/schema.org\",\"@graph\":[{\"@type\":\"WebPage\",\"@id\":\"https:\/\/mdo.juno.io\/no\/annonser-med-oss\/\",\"url\":\"https:\/\/mdo.juno.io\/no\/annonser-med-oss\/\",\"name\":\"Annonser med oss - Mountain Dropoffs\",\"isPartOf\":{\"@id\":\"https:\/\/mdo.juno.io\/no\/#website\"},\"primaryImageOfPage\":{\"@id\":\"https:\/\/mdo.juno.io\/no\/annonser-med-oss\/#primaryimage\"},\"image\":{\"@id\":\"https:\/\/mdo.juno.io\/no\/annonser-med-oss\/#primaryimage\"},\"thumbnailUrl\":\"https:\/\/mdo.juno.io\/wp-content\/uploads\/2018\/10\/44132118_1652715184834197_8191255025842913280_o-e1726249603278.jpg\",\"datePublished\":\"2024-09-09T09:17:03+00:00\",\"dateModified\":\"2025-01-15T12:05:04+00:00\",\"breadcrumb\":{\"@id\":\"https:\/\/mdo.juno.io\/no\/annonser-med-oss\/#breadcrumb\"},\"inLanguage\":\"nb-NO\",\"potentialAction\":[{\"@type\":\"ReadAction\",\"target\":[\"https:\/\/mdo.juno.io\/no\/annonser-med-oss\/\"]}]},{\"@type\":\"ImageObject\",\"inLanguage\":\"nb-NO\",\"@id\":\"https:\/\/mdo.juno.io\/no\/annonser-med-oss\/#primaryimage\",\"url\":\"https:\/\/mdo.juno.io\/wp-content\/uploads\/2018\/10\/44132118_1652715184834197_8191255025842913280_o-e1726249603278.jpg\",\"contentUrl\":\"https:\/\/mdo.juno.io\/wp-content\/uploads\/2018\/10\/44132118_1652715184834197_8191255025842913280_o-e1726249603278.jpg\",\"width\":1921,\"height\":1280},{\"@type\":\"BreadcrumbList\",\"@id\":\"https:\/\/mdo.juno.io\/no\/annonser-med-oss\/#breadcrumb\",\"itemListElement\":[{\"@type\":\"ListItem\",\"position\":1,\"name\":\"Home\",\"item\":\"https:\/\/mdo.juno.io\/no\/\"},{\"@type\":\"ListItem\",\"position\":2,\"name\":\"Annonser med oss\"}]},{\"@type\":\"WebSite\",\"@id\":\"https:\/\/mdo.juno.io\/no\/#website\",\"url\":\"https:\/\/mdo.juno.io\/no\/\",\"name\":\"Mountain Dropoffs\",\"description\":\"\",\"potentialAction\":[{\"@type\":\"SearchAction\",\"target\":{\"@type\":\"EntryPoint\",\"urlTemplate\":\"https:\/\/mdo.juno.io\/no\/?s={search_term_string}\"},\"query-input\":{\"@type\":\"PropertyValueSpecification\",\"valueRequired\":true,\"valueName\":\"search_term_string\"}}],\"inLanguage\":\"nb-NO\"}]}<\/script>\n<!-- \/ Yoast SEO plugin. -->","yoast_head_json":{"title":"Annonser med oss - Mountain Dropoffs","robots":{"index":"index","follow":"follow","max-snippet":"max-snippet:-1","max-image-preview":"max-image-preview:large","max-video-preview":"max-video-preview:-1"},"canonical":"https:\/\/mdo.juno.io\/no\/annonser-med-oss\/","og_locale":"nb_NO","og_type":"article","og_title":"Annonser med oss - Mountain Dropoffs","og_description":"Bussreklame Mountain Drop-offs er Chamonix&#8217; lengst fungerende flyplasstransportselskap. Vi transporterer tusenvis av mennesker hver dag. V\u00e5re varebiler gir annons\u00f8rer den perfekte muligheten til \u00e5 n\u00e5 ut til m\u00e5lgrupper over hele Alpene . \u00c5 annonsere p\u00e5 baksiden av en Mountain Drop-offs varebil vil gi deg muligheten til \u00e5 n\u00e5 ut: lokalt publikum Turister Pendlere Rutene v\u00e5re [&hellip;]","og_url":"https:\/\/mdo.juno.io\/no\/annonser-med-oss\/","og_site_name":"Mountain Dropoffs","article_modified_time":"2025-01-15T12:05:04+00:00","og_image":[{"width":1921,"height":1280,"url":"https:\/\/mdo.juno.io\/wp-content\/uploads\/2018\/10\/44132118_1652715184834197_8191255025842913280_o-e1726249603278.jpg","type":"image\/jpeg"}],"twitter_card":"summary_large_image","twitter_misc":{"Ansl. lesetid":"1 minutt"},"schema":{"@context":"https:\/\/schema.org","@graph":[{"@type":"WebPage","@id":"https:\/\/mdo.juno.io\/no\/annonser-med-oss\/","url":"https:\/\/mdo.juno.io\/no\/annonser-med-oss\/","name":"Annonser med oss - Mountain Dropoffs","isPartOf":{"@id":"https:\/\/mdo.juno.io\/no\/#website"},"primaryImageOfPage":{"@id":"https:\/\/mdo.juno.io\/no\/annonser-med-oss\/#primaryimage"},"image":{"@id":"https:\/\/mdo.juno.io\/no\/annonser-med-oss\/#primaryimage"},"thumbnailUrl":"https:\/\/mdo.juno.io\/wp-content\/uploads\/2018\/10\/44132118_1652715184834197_8191255025842913280_o-e1726249603278.jpg","datePublished":"2024-09-09T09:17:03+00:00","dateModified":"2025-01-15T12:05:04+00:00","breadcrumb":{"@id":"https:\/\/mdo.juno.io\/no\/annonser-med-oss\/#breadcrumb"},"inLanguage":"nb-NO","potentialAction":[{"@type":"ReadAction","target":["https:\/\/mdo.juno.io\/no\/annonser-med-oss\/"]}]},{"@type":"ImageObject","inLanguage":"nb-NO","@id":"https:\/\/mdo.juno.io\/no\/annonser-med-oss\/#primaryimage","url":"https:\/\/mdo.juno.io\/wp-content\/uploads\/2018\/10\/44132118_1652715184834197_8191255025842913280_o-e1726249603278.jpg","contentUrl":"https:\/\/mdo.juno.io\/wp-content\/uploads\/2018\/10\/44132118_1652715184834197_8191255025842913280_o-e1726249603278.jpg","width":1921,"height":1280},{"@type":"BreadcrumbList","@id":"https:\/\/mdo.juno.io\/no\/annonser-med-oss\/#breadcrumb","itemListElement":[{"@type":"ListItem","position":1,"name":"Home","item":"https:\/\/mdo.juno.io\/no\/"},{"@type":"ListItem","position":2,"name":"Annonser med oss"}]},{"@type":"WebSite","@id":"https:\/\/mdo.juno.io\/no\/#website","url":"https:\/\/mdo.juno.io\/no\/","name":"Mountain Dropoffs","description":"","potentialAction":[{"@type":"SearchAction","target":{"@type":"EntryPoint","urlTemplate":"https:\/\/mdo.juno.io\/no\/?s={search_term_string}"},"query-input":{"@type":"PropertyValueSpecification","valueRequired":true,"valueName":"search_term_string"}}],"inLanguage":"nb-NO"}]}},"_links":{"self":[{"href":"https:\/\/mdo.juno.io\/no\/wp-json\/wp\/v2\/pages\/209451","targetHints":{"allow":["GET"]}}],"collection":[{"href":"https:\/\/mdo.juno.io\/no\/wp-json\/wp\/v2\/pages"}],"about":[{"href":"https:\/\/mdo.juno.io\/no\/wp-json\/wp\/v2\/types\/page"}],"author":[{"embeddable":true,"href":"https:\/\/mdo.juno.io\/no\/wp-json\/wp\/v2\/users\/1"}],"replies":[{"embeddable":true,"href":"https:\/\/mdo.juno.io\/no\/wp-json\/wp\/v2\/comments?post=209451"}],"version-history":[{"count":0,"href":"https:\/\/mdo.juno.io\/no\/wp-json\/wp\/v2\/pages\/209451\/revisions"}],"wp:featuredmedia":[{"embeddable":true,"href":"https:\/\/mdo.juno.io\/no\/wp-json\/wp\/v2\/media\/209453"}],"wp:attachment":[{"href":"https:\/\/mdo.juno.io\/no\/wp-json\/wp\/v2\/media?parent=209451"}],"curies":[{"name":"wp","href":"https:\/\/api.w.org\/{rel}","templated":true}]}}