{"id":209428,"date":"2024-09-09T07:40:14","date_gmt":"2024-09-09T07:40:14","guid":{"rendered":"https:\/\/www.mountaindropoffs.com\/kontaktinformasjon\/"},"modified":"2025-01-15T12:11:21","modified_gmt":"2025-01-15T12:11:21","slug":"kontaktinformasjon","status":"publish","type":"page","link":"https:\/\/mdo.juno.io\/no\/kontaktinformasjon\/","title":{"rendered":"Kontaktinformasjon"},"content":{"rendered":"<h3>Ring Mountain Drop-offs<\/h3>\n<p>Trenger du \u00e5 snakke med oss p\u00e5 engelsk eller fransk? Ikke noe problem, ring oss p\u00e5 et av telefonnumrene nedenfor, s\u00e5 hjelper vi deg gjerne. Eller sjekk siden med ofte stilte sp\u00f8rsm\u00e5l!<\/p>\n<p>+33 (0)4 50 47 17 73 &#8211; Frankrike<br \/>\n+44 (0)207 0434 874 &#8211; Storbritannia<\/p>\n","protected":false},"excerpt":{"rendered":"<p>Ring Mountain Drop-offs Trenger du \u00e5 snakke med oss p\u00e5 engelsk eller fransk? Ikke noe problem, ring oss p\u00e5 et av telefonnumrene nedenfor, s\u00e5 hjelper vi deg gjerne. Eller sjekk siden med ofte stilte sp\u00f8rsm\u00e5l! +33 (0)4 50 47 17 73 &#8211; Frankrike +44 (0)207 0434 874 &#8211; Storbritannia<\/p>\n","protected":false},"author":1,"featured_media":209429,"parent":0,"menu_order":0,"comment_status":"closed","ping_status":"closed","template":"template-contact.php","meta":{"_acf_changed":false,"inline_featured_image":false,"footnotes":""},"class_list":["post-209428","page","type-page","status-publish","has-post-thumbnail","hentry"],"acf":[],"yoast_head":"<!-- This site is optimized with the Yoast SEO plugin v26.8 - https:\/\/yoast.com\/product\/yoast-seo-wordpress\/ -->\n<title>Kontaktinformasjon - Mountain Dropoffs<\/title>\n<meta name=\"robots\" content=\"index, follow, max-snippet:-1, max-image-preview:large, max-video-preview:-1\" \/>\n<link rel=\"canonical\" href=\"https:\/\/mdo.juno.io\/no\/kontaktinformasjon\/\" \/>\n<meta property=\"og:locale\" content=\"nb_NO\" \/>\n<meta property=\"og:type\" content=\"article\" \/>\n<meta property=\"og:title\" content=\"Kontaktinformasjon - Mountain Dropoffs\" \/>\n<meta property=\"og:description\" content=\"Ring Mountain Drop-offs Trenger du \u00e5 snakke med oss p\u00e5 engelsk eller fransk? Ikke noe problem, ring oss p\u00e5 et av telefonnumrene nedenfor, s\u00e5 hjelper vi deg gjerne. Eller sjekk siden med ofte stilte sp\u00f8rsm\u00e5l! +33 (0)4 50 47 17 73 &#8211; Frankrike +44 (0)207 0434 874 &#8211; Storbritannia\" \/>\n<meta property=\"og:url\" content=\"https:\/\/mdo.juno.io\/no\/kontaktinformasjon\/\" \/>\n<meta property=\"og:site_name\" content=\"Mountain Dropoffs\" \/>\n<meta property=\"article:modified_time\" content=\"2025-01-15T12:11:21+00:00\" \/>\n<meta property=\"og:image\" content=\"https:\/\/mdo.juno.io\/wp-content\/uploads\/2024\/09\/nicolas-cool-SpNbLsJuuYQ-unsplash-2.jpg\" \/>\n\t<meta property=\"og:image:width\" content=\"2400\" \/>\n\t<meta property=\"og:image:height\" content=\"1340\" \/>\n\t<meta property=\"og:image:type\" content=\"image\/jpeg\" \/>\n<meta name=\"twitter:card\" content=\"summary_large_image\" \/>\n<script type=\"application\/ld+json\" class=\"yoast-schema-graph\">{\"@context\":\"https:\/\/schema.org\",\"@graph\":[{\"@type\":\"WebPage\",\"@id\":\"https:\/\/mdo.juno.io\/no\/kontaktinformasjon\/\",\"url\":\"https:\/\/mdo.juno.io\/no\/kontaktinformasjon\/\",\"name\":\"Kontaktinformasjon - Mountain Dropoffs\",\"isPartOf\":{\"@id\":\"https:\/\/mdo.juno.io\/no\/#website\"},\"primaryImageOfPage\":{\"@id\":\"https:\/\/mdo.juno.io\/no\/kontaktinformasjon\/#primaryimage\"},\"image\":{\"@id\":\"https:\/\/mdo.juno.io\/no\/kontaktinformasjon\/#primaryimage\"},\"thumbnailUrl\":\"https:\/\/mdo.juno.io\/wp-content\/uploads\/2024\/09\/nicolas-cool-SpNbLsJuuYQ-unsplash-2.jpg\",\"datePublished\":\"2024-09-09T07:40:14+00:00\",\"dateModified\":\"2025-01-15T12:11:21+00:00\",\"breadcrumb\":{\"@id\":\"https:\/\/mdo.juno.io\/no\/kontaktinformasjon\/#breadcrumb\"},\"inLanguage\":\"nb-NO\",\"potentialAction\":[{\"@type\":\"ReadAction\",\"target\":[\"https:\/\/mdo.juno.io\/no\/kontaktinformasjon\/\"]}]},{\"@type\":\"ImageObject\",\"inLanguage\":\"nb-NO\",\"@id\":\"https:\/\/mdo.juno.io\/no\/kontaktinformasjon\/#primaryimage\",\"url\":\"https:\/\/mdo.juno.io\/wp-content\/uploads\/2024\/09\/nicolas-cool-SpNbLsJuuYQ-unsplash-2.jpg\",\"contentUrl\":\"https:\/\/mdo.juno.io\/wp-content\/uploads\/2024\/09\/nicolas-cool-SpNbLsJuuYQ-unsplash-2.jpg\",\"width\":2400,\"height\":1340},{\"@type\":\"BreadcrumbList\",\"@id\":\"https:\/\/mdo.juno.io\/no\/kontaktinformasjon\/#breadcrumb\",\"itemListElement\":[{\"@type\":\"ListItem\",\"position\":1,\"name\":\"Home\",\"item\":\"https:\/\/mdo.juno.io\/no\/\"},{\"@type\":\"ListItem\",\"position\":2,\"name\":\"Kontaktinformasjon\"}]},{\"@type\":\"WebSite\",\"@id\":\"https:\/\/mdo.juno.io\/no\/#website\",\"url\":\"https:\/\/mdo.juno.io\/no\/\",\"name\":\"Mountain Dropoffs\",\"description\":\"\",\"potentialAction\":[{\"@type\":\"SearchAction\",\"target\":{\"@type\":\"EntryPoint\",\"urlTemplate\":\"https:\/\/mdo.juno.io\/no\/?s={search_term_string}\"},\"query-input\":{\"@type\":\"PropertyValueSpecification\",\"valueRequired\":true,\"valueName\":\"search_term_string\"}}],\"inLanguage\":\"nb-NO\"}]}<\/script>\n<!-- \/ Yoast SEO plugin. -->","yoast_head_json":{"title":"Kontaktinformasjon - Mountain Dropoffs","robots":{"index":"index","follow":"follow","max-snippet":"max-snippet:-1","max-image-preview":"max-image-preview:large","max-video-preview":"max-video-preview:-1"},"canonical":"https:\/\/mdo.juno.io\/no\/kontaktinformasjon\/","og_locale":"nb_NO","og_type":"article","og_title":"Kontaktinformasjon - Mountain Dropoffs","og_description":"Ring Mountain Drop-offs Trenger du \u00e5 snakke med oss p\u00e5 engelsk eller fransk? Ikke noe problem, ring oss p\u00e5 et av telefonnumrene nedenfor, s\u00e5 hjelper vi deg gjerne. Eller sjekk siden med ofte stilte sp\u00f8rsm\u00e5l! +33 (0)4 50 47 17 73 &#8211; Frankrike +44 (0)207 0434 874 &#8211; Storbritannia","og_url":"https:\/\/mdo.juno.io\/no\/kontaktinformasjon\/","og_site_name":"Mountain Dropoffs","article_modified_time":"2025-01-15T12:11:21+00:00","og_image":[{"width":2400,"height":1340,"url":"https:\/\/mdo.juno.io\/wp-content\/uploads\/2024\/09\/nicolas-cool-SpNbLsJuuYQ-unsplash-2.jpg","type":"image\/jpeg"}],"twitter_card":"summary_large_image","schema":{"@context":"https:\/\/schema.org","@graph":[{"@type":"WebPage","@id":"https:\/\/mdo.juno.io\/no\/kontaktinformasjon\/","url":"https:\/\/mdo.juno.io\/no\/kontaktinformasjon\/","name":"Kontaktinformasjon - Mountain Dropoffs","isPartOf":{"@id":"https:\/\/mdo.juno.io\/no\/#website"},"primaryImageOfPage":{"@id":"https:\/\/mdo.juno.io\/no\/kontaktinformasjon\/#primaryimage"},"image":{"@id":"https:\/\/mdo.juno.io\/no\/kontaktinformasjon\/#primaryimage"},"thumbnailUrl":"https:\/\/mdo.juno.io\/wp-content\/uploads\/2024\/09\/nicolas-cool-SpNbLsJuuYQ-unsplash-2.jpg","datePublished":"2024-09-09T07:40:14+00:00","dateModified":"2025-01-15T12:11:21+00:00","breadcrumb":{"@id":"https:\/\/mdo.juno.io\/no\/kontaktinformasjon\/#breadcrumb"},"inLanguage":"nb-NO","potentialAction":[{"@type":"ReadAction","target":["https:\/\/mdo.juno.io\/no\/kontaktinformasjon\/"]}]},{"@type":"ImageObject","inLanguage":"nb-NO","@id":"https:\/\/mdo.juno.io\/no\/kontaktinformasjon\/#primaryimage","url":"https:\/\/mdo.juno.io\/wp-content\/uploads\/2024\/09\/nicolas-cool-SpNbLsJuuYQ-unsplash-2.jpg","contentUrl":"https:\/\/mdo.juno.io\/wp-content\/uploads\/2024\/09\/nicolas-cool-SpNbLsJuuYQ-unsplash-2.jpg","width":2400,"height":1340},{"@type":"BreadcrumbList","@id":"https:\/\/mdo.juno.io\/no\/kontaktinformasjon\/#breadcrumb","itemListElement":[{"@type":"ListItem","position":1,"name":"Home","item":"https:\/\/mdo.juno.io\/no\/"},{"@type":"ListItem","position":2,"name":"Kontaktinformasjon"}]},{"@type":"WebSite","@id":"https:\/\/mdo.juno.io\/no\/#website","url":"https:\/\/mdo.juno.io\/no\/","name":"Mountain Dropoffs","description":"","potentialAction":[{"@type":"SearchAction","target":{"@type":"EntryPoint","urlTemplate":"https:\/\/mdo.juno.io\/no\/?s={search_term_string}"},"query-input":{"@type":"PropertyValueSpecification","valueRequired":true,"valueName":"search_term_string"}}],"inLanguage":"nb-NO"}]}},"_links":{"self":[{"href":"https:\/\/mdo.juno.io\/no\/wp-json\/wp\/v2\/pages\/209428","targetHints":{"allow":["GET"]}}],"collection":[{"href":"https:\/\/mdo.juno.io\/no\/wp-json\/wp\/v2\/pages"}],"about":[{"href":"https:\/\/mdo.juno.io\/no\/wp-json\/wp\/v2\/types\/page"}],"author":[{"embeddable":true,"href":"https:\/\/mdo.juno.io\/no\/wp-json\/wp\/v2\/users\/1"}],"replies":[{"embeddable":true,"href":"https:\/\/mdo.juno.io\/no\/wp-json\/wp\/v2\/comments?post=209428"}],"version-history":[{"count":0,"href":"https:\/\/mdo.juno.io\/no\/wp-json\/wp\/v2\/pages\/209428\/revisions"}],"wp:featuredmedia":[{"embeddable":true,"href":"https:\/\/mdo.juno.io\/no\/wp-json\/wp\/v2\/media\/209429"}],"wp:attachment":[{"href":"https:\/\/mdo.juno.io\/no\/wp-json\/wp\/v2\/media?parent=209428"}],"curies":[{"name":"wp","href":"https:\/\/api.w.org\/{rel}","templated":true}]}}