{"id":209409,"date":"2024-09-08T18:39:36","date_gmt":"2024-09-08T18:39:36","guid":{"rendered":"https:\/\/www.mountaindropoffs.com\/vare-overforinger\/"},"modified":"2025-09-29T09:24:29","modified_gmt":"2025-09-29T09:24:29","slug":"vare-overforinger","status":"publish","type":"page","link":"https:\/\/mdo.juno.io\/no\/vare-overforinger\/","title":{"rendered":"V\u00e5re Transfers"},"content":{"rendered":"","protected":false},"excerpt":{"rendered":"","protected":false},"author":1,"featured_media":207374,"parent":0,"menu_order":0,"comment_status":"closed","ping_status":"closed","template":"template-our-transfers.php","meta":{"_acf_changed":false,"inline_featured_image":false,"footnotes":""},"class_list":["post-209409","page","type-page","status-publish","has-post-thumbnail","hentry"],"acf":[],"yoast_head":"<!-- This site is optimized with the Yoast SEO plugin v26.8 - https:\/\/yoast.com\/product\/yoast-seo-wordpress\/ -->\n<title>V\u00e5re Transfers - Mountain Dropoffs<\/title>\n<meta name=\"description\" content=\"Rimelige og p\u00e5litelige delte eller private transfers fra Gen\u00e8ve lufthavn til Chamonix-dalen \u2013 og videre \u2013 hele \u00e5ret.\" \/>\n<meta name=\"robots\" content=\"index, follow, max-snippet:-1, max-image-preview:large, max-video-preview:-1\" \/>\n<link rel=\"canonical\" href=\"https:\/\/mdo.juno.io\/no\/vare-overforinger\/\" \/>\n<meta property=\"og:locale\" content=\"nb_NO\" \/>\n<meta property=\"og:type\" content=\"article\" \/>\n<meta property=\"og:title\" content=\"V\u00e5re Transfers - Mountain Dropoffs\" \/>\n<meta property=\"og:description\" content=\"Rimelige og p\u00e5litelige delte eller private transfers fra Gen\u00e8ve lufthavn til Chamonix-dalen \u2013 og videre \u2013 hele \u00e5ret.\" \/>\n<meta property=\"og:url\" content=\"https:\/\/mdo.juno.io\/no\/vare-overforinger\/\" \/>\n<meta property=\"og:site_name\" content=\"Mountain Dropoffs\" \/>\n<meta property=\"article:modified_time\" content=\"2025-09-29T09:24:29+00:00\" \/>\n<meta property=\"og:image\" content=\"https:\/\/mdo.juno.io\/wp-content\/uploads\/2024\/10\/mountain-drop-offs-geneva-airport-transfers-scaled.jpg\" \/>\n\t<meta property=\"og:image:width\" content=\"2560\" \/>\n\t<meta property=\"og:image:height\" content=\"1917\" \/>\n\t<meta property=\"og:image:type\" content=\"image\/jpeg\" \/>\n<meta name=\"twitter:card\" content=\"summary_large_image\" \/>\n<meta name=\"twitter:label1\" content=\"Ansl. lesetid\" \/>\n\t<meta name=\"twitter:data1\" content=\"1 minutt\" \/>\n<script type=\"application\/ld+json\" class=\"yoast-schema-graph\">{\"@context\":\"https:\/\/schema.org\",\"@graph\":[{\"@type\":\"WebPage\",\"@id\":\"https:\/\/mdo.juno.io\/no\/vare-overforinger\/\",\"url\":\"https:\/\/mdo.juno.io\/no\/vare-overforinger\/\",\"name\":\"V\u00e5re Transfers - Mountain Dropoffs\",\"isPartOf\":{\"@id\":\"https:\/\/mdo.juno.io\/no\/#website\"},\"primaryImageOfPage\":{\"@id\":\"https:\/\/mdo.juno.io\/no\/vare-overforinger\/#primaryimage\"},\"image\":{\"@id\":\"https:\/\/mdo.juno.io\/no\/vare-overforinger\/#primaryimage\"},\"thumbnailUrl\":\"https:\/\/mdo.juno.io\/wp-content\/uploads\/2024\/10\/mountain-drop-offs-geneva-airport-transfers-scaled.jpg\",\"datePublished\":\"2024-09-08T18:39:36+00:00\",\"dateModified\":\"2025-09-29T09:24:29+00:00\",\"description\":\"Rimelige og p\u00e5litelige delte eller private transfers fra Gen\u00e8ve lufthavn til Chamonix-dalen \u2013 og videre \u2013 hele \u00e5ret.\",\"breadcrumb\":{\"@id\":\"https:\/\/mdo.juno.io\/no\/vare-overforinger\/#breadcrumb\"},\"inLanguage\":\"nb-NO\",\"potentialAction\":[{\"@type\":\"ReadAction\",\"target\":[\"https:\/\/mdo.juno.io\/no\/vare-overforinger\/\"]}]},{\"@type\":\"ImageObject\",\"inLanguage\":\"nb-NO\",\"@id\":\"https:\/\/mdo.juno.io\/no\/vare-overforinger\/#primaryimage\",\"url\":\"https:\/\/mdo.juno.io\/wp-content\/uploads\/2024\/10\/mountain-drop-offs-geneva-airport-transfers-scaled.jpg\",\"contentUrl\":\"https:\/\/mdo.juno.io\/wp-content\/uploads\/2024\/10\/mountain-drop-offs-geneva-airport-transfers-scaled.jpg\",\"width\":2560,\"height\":1917},{\"@type\":\"BreadcrumbList\",\"@id\":\"https:\/\/mdo.juno.io\/no\/vare-overforinger\/#breadcrumb\",\"itemListElement\":[{\"@type\":\"ListItem\",\"position\":1,\"name\":\"Home\",\"item\":\"https:\/\/mdo.juno.io\/no\/\"},{\"@type\":\"ListItem\",\"position\":2,\"name\":\"V\u00e5re Transfers\"}]},{\"@type\":\"WebSite\",\"@id\":\"https:\/\/mdo.juno.io\/no\/#website\",\"url\":\"https:\/\/mdo.juno.io\/no\/\",\"name\":\"Mountain Dropoffs\",\"description\":\"\",\"potentialAction\":[{\"@type\":\"SearchAction\",\"target\":{\"@type\":\"EntryPoint\",\"urlTemplate\":\"https:\/\/mdo.juno.io\/no\/?s={search_term_string}\"},\"query-input\":{\"@type\":\"PropertyValueSpecification\",\"valueRequired\":true,\"valueName\":\"search_term_string\"}}],\"inLanguage\":\"nb-NO\"}]}<\/script>\n<!-- \/ Yoast SEO plugin. -->","yoast_head_json":{"title":"V\u00e5re Transfers - Mountain Dropoffs","description":"Rimelige og p\u00e5litelige delte eller private transfers fra Gen\u00e8ve lufthavn til Chamonix-dalen \u2013 og videre \u2013 hele \u00e5ret.","robots":{"index":"index","follow":"follow","max-snippet":"max-snippet:-1","max-image-preview":"max-image-preview:large","max-video-preview":"max-video-preview:-1"},"canonical":"https:\/\/mdo.juno.io\/no\/vare-overforinger\/","og_locale":"nb_NO","og_type":"article","og_title":"V\u00e5re Transfers - Mountain Dropoffs","og_description":"Rimelige og p\u00e5litelige delte eller private transfers fra Gen\u00e8ve lufthavn til Chamonix-dalen \u2013 og videre \u2013 hele \u00e5ret.","og_url":"https:\/\/mdo.juno.io\/no\/vare-overforinger\/","og_site_name":"Mountain Dropoffs","article_modified_time":"2025-09-29T09:24:29+00:00","og_image":[{"width":2560,"height":1917,"url":"https:\/\/mdo.juno.io\/wp-content\/uploads\/2024\/10\/mountain-drop-offs-geneva-airport-transfers-scaled.jpg","type":"image\/jpeg"}],"twitter_card":"summary_large_image","twitter_misc":{"Ansl. lesetid":"1 minutt"},"schema":{"@context":"https:\/\/schema.org","@graph":[{"@type":"WebPage","@id":"https:\/\/mdo.juno.io\/no\/vare-overforinger\/","url":"https:\/\/mdo.juno.io\/no\/vare-overforinger\/","name":"V\u00e5re Transfers - Mountain Dropoffs","isPartOf":{"@id":"https:\/\/mdo.juno.io\/no\/#website"},"primaryImageOfPage":{"@id":"https:\/\/mdo.juno.io\/no\/vare-overforinger\/#primaryimage"},"image":{"@id":"https:\/\/mdo.juno.io\/no\/vare-overforinger\/#primaryimage"},"thumbnailUrl":"https:\/\/mdo.juno.io\/wp-content\/uploads\/2024\/10\/mountain-drop-offs-geneva-airport-transfers-scaled.jpg","datePublished":"2024-09-08T18:39:36+00:00","dateModified":"2025-09-29T09:24:29+00:00","description":"Rimelige og p\u00e5litelige delte eller private transfers fra Gen\u00e8ve lufthavn til Chamonix-dalen \u2013 og videre \u2013 hele \u00e5ret.","breadcrumb":{"@id":"https:\/\/mdo.juno.io\/no\/vare-overforinger\/#breadcrumb"},"inLanguage":"nb-NO","potentialAction":[{"@type":"ReadAction","target":["https:\/\/mdo.juno.io\/no\/vare-overforinger\/"]}]},{"@type":"ImageObject","inLanguage":"nb-NO","@id":"https:\/\/mdo.juno.io\/no\/vare-overforinger\/#primaryimage","url":"https:\/\/mdo.juno.io\/wp-content\/uploads\/2024\/10\/mountain-drop-offs-geneva-airport-transfers-scaled.jpg","contentUrl":"https:\/\/mdo.juno.io\/wp-content\/uploads\/2024\/10\/mountain-drop-offs-geneva-airport-transfers-scaled.jpg","width":2560,"height":1917},{"@type":"BreadcrumbList","@id":"https:\/\/mdo.juno.io\/no\/vare-overforinger\/#breadcrumb","itemListElement":[{"@type":"ListItem","position":1,"name":"Home","item":"https:\/\/mdo.juno.io\/no\/"},{"@type":"ListItem","position":2,"name":"V\u00e5re Transfers"}]},{"@type":"WebSite","@id":"https:\/\/mdo.juno.io\/no\/#website","url":"https:\/\/mdo.juno.io\/no\/","name":"Mountain Dropoffs","description":"","potentialAction":[{"@type":"SearchAction","target":{"@type":"EntryPoint","urlTemplate":"https:\/\/mdo.juno.io\/no\/?s={search_term_string}"},"query-input":{"@type":"PropertyValueSpecification","valueRequired":true,"valueName":"search_term_string"}}],"inLanguage":"nb-NO"}]}},"_links":{"self":[{"href":"https:\/\/mdo.juno.io\/no\/wp-json\/wp\/v2\/pages\/209409","targetHints":{"allow":["GET"]}}],"collection":[{"href":"https:\/\/mdo.juno.io\/no\/wp-json\/wp\/v2\/pages"}],"about":[{"href":"https:\/\/mdo.juno.io\/no\/wp-json\/wp\/v2\/types\/page"}],"author":[{"embeddable":true,"href":"https:\/\/mdo.juno.io\/no\/wp-json\/wp\/v2\/users\/1"}],"replies":[{"embeddable":true,"href":"https:\/\/mdo.juno.io\/no\/wp-json\/wp\/v2\/comments?post=209409"}],"version-history":[{"count":2,"href":"https:\/\/mdo.juno.io\/no\/wp-json\/wp\/v2\/pages\/209409\/revisions"}],"predecessor-version":[{"id":249102,"href":"https:\/\/mdo.juno.io\/no\/wp-json\/wp\/v2\/pages\/209409\/revisions\/249102"}],"wp:featuredmedia":[{"embeddable":true,"href":"https:\/\/mdo.juno.io\/no\/wp-json\/wp\/v2\/media\/207374"}],"wp:attachment":[{"href":"https:\/\/mdo.juno.io\/no\/wp-json\/wp\/v2\/media?parent=209409"}],"curies":[{"name":"wp","href":"https:\/\/api.w.org\/{rel}","templated":true}]}}