{"id":209444,"date":"2024-09-09T09:17:03","date_gmt":"2024-09-09T09:17:03","guid":{"rendered":"https:\/\/www.mountaindropoffs.com\/adverteer-met-ons\/"},"modified":"2025-01-15T12:05:06","modified_gmt":"2025-01-15T12:05:06","slug":"adverteer-met-ons","status":"publish","type":"page","link":"https:\/\/mdo.juno.io\/nl\/adverteer-met-ons\/","title":{"rendered":"Adverteer met ons"},"content":{"rendered":"<h3>Busreclame<\/h3>\n<p>Mountain Drop-offs is het langst dienende luchthaventransferbedrijf van Chamonix. Met dagelijkse transfers vervoeren we duizenden mensen. Onze busjes bieden adverteerders de perfecte gelegenheid om <strong>het publiek in de Alpen te bereiken. <\/strong>   <\/p>\n<p><strong>Adverteren op de achterkant van een Mountain Drop-offs busje geeft je de mogelijkheid om te bereiken:<\/strong><\/p>\n<ul>\n<li style=\"list-style-type: none;\">\n<ul>\n<li>lokaal publiek<\/li>\n<li>Toeristen<\/li>\n<li>Forenzen<\/li>\n<\/ul>\n<\/li>\n<\/ul>\n<p>Onze routes bestrijken Gen\u00e8ve, Chamonix, Argentiere, Les Houches, Vallorcine, Meg\u00e8ve, Saint GervaisLes ContaminesCombloux, Morzine, Les Gets, Avoriaz, Flaine, Les Carroz, luchthaven Gen\u00e8ve, luchthaven Grenoble, Annecy, Talloires, Evian Les Bains, Meribel, Courchevel, Courmayeur, Tignes, Val d&#8217;Isere, Verbier, Zermatt, Les Arcs en La Plagne.<\/p>\n<p><a href=\"https:\/\/www.mountaindropoffs.com\/contact-details\/\">Neem contact op voor meer informatie<\/a><\/p>\n<div id=\"gtx-trans\" style=\"position: absolute; left: 618px; top: 289.516px;\">\n<div class=\"gtx-trans-icon\"><\/div>\n<\/div>\n","protected":false},"excerpt":{"rendered":"<p>Busreclame Mountain Drop-offs is het langst dienende luchthaventransferbedrijf van Chamonix. Met dagelijkse transfers vervoeren we duizenden mensen. Onze busjes bieden adverteerders de perfecte gelegenheid om het publiek in de Alpen te bereiken. Adverteren op de achterkant van een Mountain Drop-offs busje geeft je de mogelijkheid om te bereiken: lokaal publiek Toeristen Forenzen Onze routes bestrijken [&hellip;]<\/p>\n","protected":false},"author":1,"featured_media":218503,"parent":0,"menu_order":0,"comment_status":"closed","ping_status":"closed","template":"template-standard.php","meta":{"_acf_changed":false,"inline_featured_image":false,"footnotes":""},"class_list":["post-209444","page","type-page","status-publish","has-post-thumbnail","hentry"],"acf":[],"yoast_head":"<!-- This site is optimized with the Yoast SEO plugin v26.8 - https:\/\/yoast.com\/product\/yoast-seo-wordpress\/ -->\n<title>Adverteer met ons - Mountain Dropoffs<\/title>\n<meta name=\"robots\" content=\"index, follow, max-snippet:-1, max-image-preview:large, max-video-preview:-1\" \/>\n<link rel=\"canonical\" href=\"https:\/\/mdo.juno.io\/nl\/adverteer-met-ons\/\" \/>\n<meta property=\"og:locale\" content=\"nl_NL\" \/>\n<meta property=\"og:type\" content=\"article\" \/>\n<meta property=\"og:title\" content=\"Adverteer met ons - Mountain Dropoffs\" \/>\n<meta property=\"og:description\" content=\"Busreclame Mountain Drop-offs is het langst dienende luchthaventransferbedrijf van Chamonix. Met dagelijkse transfers vervoeren we duizenden mensen. Onze busjes bieden adverteerders de perfecte gelegenheid om het publiek in de Alpen te bereiken. Adverteren op de achterkant van een Mountain Drop-offs busje geeft je de mogelijkheid om te bereiken: lokaal publiek Toeristen Forenzen Onze routes bestrijken [&hellip;]\" \/>\n<meta property=\"og:url\" content=\"https:\/\/mdo.juno.io\/nl\/adverteer-met-ons\/\" \/>\n<meta property=\"og:site_name\" content=\"Mountain Dropoffs\" \/>\n<meta property=\"article:modified_time\" content=\"2025-01-15T12:05:06+00:00\" \/>\n<meta property=\"og:image\" content=\"https:\/\/mdo.juno.io\/wp-content\/uploads\/2018\/10\/44132118_1652715184834197_8191255025842913280_o-e1726249603278.jpg\" \/>\n\t<meta property=\"og:image:width\" content=\"1921\" \/>\n\t<meta property=\"og:image:height\" content=\"1280\" \/>\n\t<meta property=\"og:image:type\" content=\"image\/jpeg\" \/>\n<meta name=\"twitter:card\" content=\"summary_large_image\" \/>\n<meta name=\"twitter:label1\" content=\"Geschatte leestijd\" \/>\n\t<meta name=\"twitter:data1\" content=\"1 minuut\" \/>\n<script type=\"application\/ld+json\" class=\"yoast-schema-graph\">{\"@context\":\"https:\/\/schema.org\",\"@graph\":[{\"@type\":\"WebPage\",\"@id\":\"https:\/\/mdo.juno.io\/nl\/adverteer-met-ons\/\",\"url\":\"https:\/\/mdo.juno.io\/nl\/adverteer-met-ons\/\",\"name\":\"Adverteer met ons - Mountain Dropoffs\",\"isPartOf\":{\"@id\":\"https:\/\/mdo.juno.io\/nl\/#website\"},\"primaryImageOfPage\":{\"@id\":\"https:\/\/mdo.juno.io\/nl\/adverteer-met-ons\/#primaryimage\"},\"image\":{\"@id\":\"https:\/\/mdo.juno.io\/nl\/adverteer-met-ons\/#primaryimage\"},\"thumbnailUrl\":\"https:\/\/mdo.juno.io\/wp-content\/uploads\/2018\/10\/44132118_1652715184834197_8191255025842913280_o-e1726249603278.jpg\",\"datePublished\":\"2024-09-09T09:17:03+00:00\",\"dateModified\":\"2025-01-15T12:05:06+00:00\",\"breadcrumb\":{\"@id\":\"https:\/\/mdo.juno.io\/nl\/adverteer-met-ons\/#breadcrumb\"},\"inLanguage\":\"nl-NL\",\"potentialAction\":[{\"@type\":\"ReadAction\",\"target\":[\"https:\/\/mdo.juno.io\/nl\/adverteer-met-ons\/\"]}]},{\"@type\":\"ImageObject\",\"inLanguage\":\"nl-NL\",\"@id\":\"https:\/\/mdo.juno.io\/nl\/adverteer-met-ons\/#primaryimage\",\"url\":\"https:\/\/mdo.juno.io\/wp-content\/uploads\/2018\/10\/44132118_1652715184834197_8191255025842913280_o-e1726249603278.jpg\",\"contentUrl\":\"https:\/\/mdo.juno.io\/wp-content\/uploads\/2018\/10\/44132118_1652715184834197_8191255025842913280_o-e1726249603278.jpg\",\"width\":1921,\"height\":1280},{\"@type\":\"BreadcrumbList\",\"@id\":\"https:\/\/mdo.juno.io\/nl\/adverteer-met-ons\/#breadcrumb\",\"itemListElement\":[{\"@type\":\"ListItem\",\"position\":1,\"name\":\"Home\",\"item\":\"https:\/\/mdo.juno.io\/\"},{\"@type\":\"ListItem\",\"position\":2,\"name\":\"Adverteer met ons\"}]},{\"@type\":\"WebSite\",\"@id\":\"https:\/\/mdo.juno.io\/nl\/#website\",\"url\":\"https:\/\/mdo.juno.io\/nl\/\",\"name\":\"Mountain Dropoffs\",\"description\":\"\",\"potentialAction\":[{\"@type\":\"SearchAction\",\"target\":{\"@type\":\"EntryPoint\",\"urlTemplate\":\"https:\/\/mdo.juno.io\/nl\/?s={search_term_string}\"},\"query-input\":{\"@type\":\"PropertyValueSpecification\",\"valueRequired\":true,\"valueName\":\"search_term_string\"}}],\"inLanguage\":\"nl-NL\"}]}<\/script>\n<!-- \/ Yoast SEO plugin. -->","yoast_head_json":{"title":"Adverteer met ons - Mountain Dropoffs","robots":{"index":"index","follow":"follow","max-snippet":"max-snippet:-1","max-image-preview":"max-image-preview:large","max-video-preview":"max-video-preview:-1"},"canonical":"https:\/\/mdo.juno.io\/nl\/adverteer-met-ons\/","og_locale":"nl_NL","og_type":"article","og_title":"Adverteer met ons - Mountain Dropoffs","og_description":"Busreclame Mountain Drop-offs is het langst dienende luchthaventransferbedrijf van Chamonix. Met dagelijkse transfers vervoeren we duizenden mensen. Onze busjes bieden adverteerders de perfecte gelegenheid om het publiek in de Alpen te bereiken. Adverteren op de achterkant van een Mountain Drop-offs busje geeft je de mogelijkheid om te bereiken: lokaal publiek Toeristen Forenzen Onze routes bestrijken [&hellip;]","og_url":"https:\/\/mdo.juno.io\/nl\/adverteer-met-ons\/","og_site_name":"Mountain Dropoffs","article_modified_time":"2025-01-15T12:05:06+00:00","og_image":[{"width":1921,"height":1280,"url":"https:\/\/mdo.juno.io\/wp-content\/uploads\/2018\/10\/44132118_1652715184834197_8191255025842913280_o-e1726249603278.jpg","type":"image\/jpeg"}],"twitter_card":"summary_large_image","twitter_misc":{"Geschatte leestijd":"1 minuut"},"schema":{"@context":"https:\/\/schema.org","@graph":[{"@type":"WebPage","@id":"https:\/\/mdo.juno.io\/nl\/adverteer-met-ons\/","url":"https:\/\/mdo.juno.io\/nl\/adverteer-met-ons\/","name":"Adverteer met ons - Mountain Dropoffs","isPartOf":{"@id":"https:\/\/mdo.juno.io\/nl\/#website"},"primaryImageOfPage":{"@id":"https:\/\/mdo.juno.io\/nl\/adverteer-met-ons\/#primaryimage"},"image":{"@id":"https:\/\/mdo.juno.io\/nl\/adverteer-met-ons\/#primaryimage"},"thumbnailUrl":"https:\/\/mdo.juno.io\/wp-content\/uploads\/2018\/10\/44132118_1652715184834197_8191255025842913280_o-e1726249603278.jpg","datePublished":"2024-09-09T09:17:03+00:00","dateModified":"2025-01-15T12:05:06+00:00","breadcrumb":{"@id":"https:\/\/mdo.juno.io\/nl\/adverteer-met-ons\/#breadcrumb"},"inLanguage":"nl-NL","potentialAction":[{"@type":"ReadAction","target":["https:\/\/mdo.juno.io\/nl\/adverteer-met-ons\/"]}]},{"@type":"ImageObject","inLanguage":"nl-NL","@id":"https:\/\/mdo.juno.io\/nl\/adverteer-met-ons\/#primaryimage","url":"https:\/\/mdo.juno.io\/wp-content\/uploads\/2018\/10\/44132118_1652715184834197_8191255025842913280_o-e1726249603278.jpg","contentUrl":"https:\/\/mdo.juno.io\/wp-content\/uploads\/2018\/10\/44132118_1652715184834197_8191255025842913280_o-e1726249603278.jpg","width":1921,"height":1280},{"@type":"BreadcrumbList","@id":"https:\/\/mdo.juno.io\/nl\/adverteer-met-ons\/#breadcrumb","itemListElement":[{"@type":"ListItem","position":1,"name":"Home","item":"https:\/\/mdo.juno.io\/"},{"@type":"ListItem","position":2,"name":"Adverteer met ons"}]},{"@type":"WebSite","@id":"https:\/\/mdo.juno.io\/nl\/#website","url":"https:\/\/mdo.juno.io\/nl\/","name":"Mountain Dropoffs","description":"","potentialAction":[{"@type":"SearchAction","target":{"@type":"EntryPoint","urlTemplate":"https:\/\/mdo.juno.io\/nl\/?s={search_term_string}"},"query-input":{"@type":"PropertyValueSpecification","valueRequired":true,"valueName":"search_term_string"}}],"inLanguage":"nl-NL"}]}},"_links":{"self":[{"href":"https:\/\/mdo.juno.io\/nl\/wp-json\/wp\/v2\/pages\/209444","targetHints":{"allow":["GET"]}}],"collection":[{"href":"https:\/\/mdo.juno.io\/nl\/wp-json\/wp\/v2\/pages"}],"about":[{"href":"https:\/\/mdo.juno.io\/nl\/wp-json\/wp\/v2\/types\/page"}],"author":[{"embeddable":true,"href":"https:\/\/mdo.juno.io\/nl\/wp-json\/wp\/v2\/users\/1"}],"replies":[{"embeddable":true,"href":"https:\/\/mdo.juno.io\/nl\/wp-json\/wp\/v2\/comments?post=209444"}],"version-history":[{"count":0,"href":"https:\/\/mdo.juno.io\/nl\/wp-json\/wp\/v2\/pages\/209444\/revisions"}],"wp:featuredmedia":[{"embeddable":true,"href":"https:\/\/mdo.juno.io\/nl\/wp-json\/wp\/v2\/media\/218503"}],"wp:attachment":[{"href":"https:\/\/mdo.juno.io\/nl\/wp-json\/wp\/v2\/media?parent=209444"}],"curies":[{"name":"wp","href":"https:\/\/api.w.org\/{rel}","templated":true}]}}