{"id":206599,"date":"2024-09-09T09:17:03","date_gmt":"2024-09-09T09:17:03","guid":{"rendered":"https:\/\/www.mountaindropoffs.com\/faites-de-la-publicite-avec-nous\/"},"modified":"2024-11-07T08:41:15","modified_gmt":"2024-11-07T08:41:15","slug":"faites-de-la-publicite-avec-nous","status":"publish","type":"page","link":"https:\/\/mdo.juno.io\/fr\/faites-de-la-publicite-avec-nous\/","title":{"rendered":"Faites de la publicit\u00e9 avec nous"},"content":{"rendered":"<h3>Publicit\u00e9 sur les bus<\/h3>\n<p>Mountain Drop-offs est la plus ancienne soci\u00e9t\u00e9 de transfert a\u00e9roportuaire de Chamonix. Avec des transferts quotidiens, nous transportons des milliers de personnes. Nos camionnettes offrent aux annonceurs l&rsquo;opportunit\u00e9 parfaite de <strong>s&rsquo;engager aupr\u00e8s de leur public \u00e0 travers les Alpes. <\/strong>   <\/p>\n<p><strong>En faisant de la publicit\u00e9 \u00e0 l&rsquo;arri\u00e8re d&rsquo;une camionnette de Mountain Drop-offs, vous aurez l&rsquo;occasion d&rsquo;atteindre.. :<\/strong><\/p>\n<ul>\n<li style=\"list-style-type: none;\">\n<ul>\n<li>public local<\/li>\n<li>Touristes<\/li>\n<li>Les navetteurs<\/li>\n<\/ul>\n<\/li>\n<\/ul>\n<p>Nos itin\u00e9raires couvrent Gen\u00e8ve, Chamonix, Argenti\u00e8re, Les Houches, Vallorcine, Meg\u00e8ve, Saint GervaisLes ContaminesCombloux, Morzine, Les Gets, Avoriaz, Flaine, Les Carroz, A\u00e9roport de Gen\u00e8ve, A\u00e9roport de Grenoble, Annecy, Talloires, Evian Les Bains, M\u00e9ribel, Courchevel, Courmayeur, Tignes, Val d&rsquo;Is\u00e8re, Verbier, Zermatt, Les Arcs et La Plagne.<\/p>\n<p><a href=\"https:\/\/www.mountaindropoffs.com\/contact-details\/\">Prenez contact avec nous pour plus d&rsquo;informations<\/a><\/p>\n<div id=\"gtx-trans\" style=\"position: absolute; left: 618px; top: 289.516px;\">\n<div class=\"gtx-trans-icon\"><\/div>\n<\/div>\n","protected":false},"excerpt":{"rendered":"<p>Publicit\u00e9 sur les bus Mountain Drop-offs est la plus ancienne soci\u00e9t\u00e9 de transfert a\u00e9roportuaire de Chamonix. Avec des transferts quotidiens, nous transportons des milliers de personnes. Nos camionnettes offrent aux annonceurs l&rsquo;opportunit\u00e9 parfaite de s&rsquo;engager aupr\u00e8s de leur public \u00e0 travers les Alpes. En faisant de la publicit\u00e9 \u00e0 l&rsquo;arri\u00e8re d&rsquo;une camionnette de Mountain Drop-offs, [&hellip;]<\/p>\n","protected":false},"author":1,"featured_media":177209,"parent":0,"menu_order":0,"comment_status":"closed","ping_status":"closed","template":"template-standard.php","meta":{"_acf_changed":false,"inline_featured_image":false,"footnotes":""},"class_list":["post-206599","page","type-page","status-publish","has-post-thumbnail","hentry"],"acf":[],"yoast_head":"<!-- This site is optimized with the Yoast SEO plugin v26.8 - https:\/\/yoast.com\/product\/yoast-seo-wordpress\/ -->\n<title>Faites de la publicit\u00e9 avec nous - Mountain Dropoffs<\/title>\n<meta name=\"robots\" content=\"index, follow, max-snippet:-1, max-image-preview:large, max-video-preview:-1\" \/>\n<link rel=\"canonical\" href=\"https:\/\/mdo.juno.io\/fr\/faites-de-la-publicite-avec-nous\/\" \/>\n<meta property=\"og:locale\" content=\"fr_FR\" \/>\n<meta property=\"og:type\" content=\"article\" \/>\n<meta property=\"og:title\" content=\"Faites de la publicit\u00e9 avec nous - Mountain Dropoffs\" \/>\n<meta property=\"og:description\" content=\"Publicit\u00e9 sur les bus Mountain Drop-offs est la plus ancienne soci\u00e9t\u00e9 de transfert a\u00e9roportuaire de Chamonix. Avec des transferts quotidiens, nous transportons des milliers de personnes. Nos camionnettes offrent aux annonceurs l&rsquo;opportunit\u00e9 parfaite de s&rsquo;engager aupr\u00e8s de leur public \u00e0 travers les Alpes. En faisant de la publicit\u00e9 \u00e0 l&rsquo;arri\u00e8re d&rsquo;une camionnette de Mountain Drop-offs, [&hellip;]\" \/>\n<meta property=\"og:url\" content=\"https:\/\/mdo.juno.io\/fr\/faites-de-la-publicite-avec-nous\/\" \/>\n<meta property=\"og:site_name\" content=\"Mountain Dropoffs\" \/>\n<meta property=\"article:modified_time\" content=\"2024-11-07T08:41:15+00:00\" \/>\n<meta property=\"og:image\" content=\"https:\/\/mdo.juno.io\/wp-content\/uploads\/2018\/10\/44132118_1652715184834197_8191255025842913280_o-e1726249603278.jpg\" \/>\n\t<meta property=\"og:image:width\" content=\"1921\" \/>\n\t<meta property=\"og:image:height\" content=\"1280\" \/>\n\t<meta property=\"og:image:type\" content=\"image\/jpeg\" \/>\n<meta name=\"twitter:card\" content=\"summary_large_image\" \/>\n<meta name=\"twitter:label1\" content=\"Dur\u00e9e de lecture estim\u00e9e\" \/>\n\t<meta name=\"twitter:data1\" content=\"1 minute\" \/>\n<script type=\"application\/ld+json\" class=\"yoast-schema-graph\">{\"@context\":\"https:\/\/schema.org\",\"@graph\":[{\"@type\":\"WebPage\",\"@id\":\"https:\/\/mdo.juno.io\/fr\/faites-de-la-publicite-avec-nous\/\",\"url\":\"https:\/\/mdo.juno.io\/fr\/faites-de-la-publicite-avec-nous\/\",\"name\":\"Faites de la publicit\u00e9 avec nous - Mountain Dropoffs\",\"isPartOf\":{\"@id\":\"https:\/\/mdo.juno.io\/fr\/#website\"},\"primaryImageOfPage\":{\"@id\":\"https:\/\/mdo.juno.io\/fr\/faites-de-la-publicite-avec-nous\/#primaryimage\"},\"image\":{\"@id\":\"https:\/\/mdo.juno.io\/fr\/faites-de-la-publicite-avec-nous\/#primaryimage\"},\"thumbnailUrl\":\"https:\/\/mdo.juno.io\/wp-content\/uploads\/2018\/10\/44132118_1652715184834197_8191255025842913280_o-e1726249603278.jpg\",\"datePublished\":\"2024-09-09T09:17:03+00:00\",\"dateModified\":\"2024-11-07T08:41:15+00:00\",\"breadcrumb\":{\"@id\":\"https:\/\/mdo.juno.io\/fr\/faites-de-la-publicite-avec-nous\/#breadcrumb\"},\"inLanguage\":\"fr-FR\",\"potentialAction\":[{\"@type\":\"ReadAction\",\"target\":[\"https:\/\/mdo.juno.io\/fr\/faites-de-la-publicite-avec-nous\/\"]}]},{\"@type\":\"ImageObject\",\"inLanguage\":\"fr-FR\",\"@id\":\"https:\/\/mdo.juno.io\/fr\/faites-de-la-publicite-avec-nous\/#primaryimage\",\"url\":\"https:\/\/mdo.juno.io\/wp-content\/uploads\/2018\/10\/44132118_1652715184834197_8191255025842913280_o-e1726249603278.jpg\",\"contentUrl\":\"https:\/\/mdo.juno.io\/wp-content\/uploads\/2018\/10\/44132118_1652715184834197_8191255025842913280_o-e1726249603278.jpg\",\"width\":1921,\"height\":1280,\"caption\":\"advertise with mountain drop offs\"},{\"@type\":\"BreadcrumbList\",\"@id\":\"https:\/\/mdo.juno.io\/fr\/faites-de-la-publicite-avec-nous\/#breadcrumb\",\"itemListElement\":[{\"@type\":\"ListItem\",\"position\":1,\"name\":\"Home\",\"item\":\"https:\/\/mdo.juno.io\/fr\/\"},{\"@type\":\"ListItem\",\"position\":2,\"name\":\"Faites de la publicit\u00e9 avec nous\"}]},{\"@type\":\"WebSite\",\"@id\":\"https:\/\/mdo.juno.io\/fr\/#website\",\"url\":\"https:\/\/mdo.juno.io\/fr\/\",\"name\":\"Mountain Dropoffs\",\"description\":\"\",\"potentialAction\":[{\"@type\":\"SearchAction\",\"target\":{\"@type\":\"EntryPoint\",\"urlTemplate\":\"https:\/\/mdo.juno.io\/fr\/?s={search_term_string}\"},\"query-input\":{\"@type\":\"PropertyValueSpecification\",\"valueRequired\":true,\"valueName\":\"search_term_string\"}}],\"inLanguage\":\"fr-FR\"}]}<\/script>\n<!-- \/ Yoast SEO plugin. -->","yoast_head_json":{"title":"Faites de la publicit\u00e9 avec nous - Mountain Dropoffs","robots":{"index":"index","follow":"follow","max-snippet":"max-snippet:-1","max-image-preview":"max-image-preview:large","max-video-preview":"max-video-preview:-1"},"canonical":"https:\/\/mdo.juno.io\/fr\/faites-de-la-publicite-avec-nous\/","og_locale":"fr_FR","og_type":"article","og_title":"Faites de la publicit\u00e9 avec nous - Mountain Dropoffs","og_description":"Publicit\u00e9 sur les bus Mountain Drop-offs est la plus ancienne soci\u00e9t\u00e9 de transfert a\u00e9roportuaire de Chamonix. Avec des transferts quotidiens, nous transportons des milliers de personnes. Nos camionnettes offrent aux annonceurs l&rsquo;opportunit\u00e9 parfaite de s&rsquo;engager aupr\u00e8s de leur public \u00e0 travers les Alpes. En faisant de la publicit\u00e9 \u00e0 l&rsquo;arri\u00e8re d&rsquo;une camionnette de Mountain Drop-offs, [&hellip;]","og_url":"https:\/\/mdo.juno.io\/fr\/faites-de-la-publicite-avec-nous\/","og_site_name":"Mountain Dropoffs","article_modified_time":"2024-11-07T08:41:15+00:00","og_image":[{"width":1921,"height":1280,"url":"https:\/\/mdo.juno.io\/wp-content\/uploads\/2018\/10\/44132118_1652715184834197_8191255025842913280_o-e1726249603278.jpg","type":"image\/jpeg"}],"twitter_card":"summary_large_image","twitter_misc":{"Dur\u00e9e de lecture estim\u00e9e":"1 minute"},"schema":{"@context":"https:\/\/schema.org","@graph":[{"@type":"WebPage","@id":"https:\/\/mdo.juno.io\/fr\/faites-de-la-publicite-avec-nous\/","url":"https:\/\/mdo.juno.io\/fr\/faites-de-la-publicite-avec-nous\/","name":"Faites de la publicit\u00e9 avec nous - Mountain Dropoffs","isPartOf":{"@id":"https:\/\/mdo.juno.io\/fr\/#website"},"primaryImageOfPage":{"@id":"https:\/\/mdo.juno.io\/fr\/faites-de-la-publicite-avec-nous\/#primaryimage"},"image":{"@id":"https:\/\/mdo.juno.io\/fr\/faites-de-la-publicite-avec-nous\/#primaryimage"},"thumbnailUrl":"https:\/\/mdo.juno.io\/wp-content\/uploads\/2018\/10\/44132118_1652715184834197_8191255025842913280_o-e1726249603278.jpg","datePublished":"2024-09-09T09:17:03+00:00","dateModified":"2024-11-07T08:41:15+00:00","breadcrumb":{"@id":"https:\/\/mdo.juno.io\/fr\/faites-de-la-publicite-avec-nous\/#breadcrumb"},"inLanguage":"fr-FR","potentialAction":[{"@type":"ReadAction","target":["https:\/\/mdo.juno.io\/fr\/faites-de-la-publicite-avec-nous\/"]}]},{"@type":"ImageObject","inLanguage":"fr-FR","@id":"https:\/\/mdo.juno.io\/fr\/faites-de-la-publicite-avec-nous\/#primaryimage","url":"https:\/\/mdo.juno.io\/wp-content\/uploads\/2018\/10\/44132118_1652715184834197_8191255025842913280_o-e1726249603278.jpg","contentUrl":"https:\/\/mdo.juno.io\/wp-content\/uploads\/2018\/10\/44132118_1652715184834197_8191255025842913280_o-e1726249603278.jpg","width":1921,"height":1280,"caption":"advertise with mountain drop offs"},{"@type":"BreadcrumbList","@id":"https:\/\/mdo.juno.io\/fr\/faites-de-la-publicite-avec-nous\/#breadcrumb","itemListElement":[{"@type":"ListItem","position":1,"name":"Home","item":"https:\/\/mdo.juno.io\/fr\/"},{"@type":"ListItem","position":2,"name":"Faites de la publicit\u00e9 avec nous"}]},{"@type":"WebSite","@id":"https:\/\/mdo.juno.io\/fr\/#website","url":"https:\/\/mdo.juno.io\/fr\/","name":"Mountain Dropoffs","description":"","potentialAction":[{"@type":"SearchAction","target":{"@type":"EntryPoint","urlTemplate":"https:\/\/mdo.juno.io\/fr\/?s={search_term_string}"},"query-input":{"@type":"PropertyValueSpecification","valueRequired":true,"valueName":"search_term_string"}}],"inLanguage":"fr-FR"}]}},"_links":{"self":[{"href":"https:\/\/mdo.juno.io\/fr\/wp-json\/wp\/v2\/pages\/206599","targetHints":{"allow":["GET"]}}],"collection":[{"href":"https:\/\/mdo.juno.io\/fr\/wp-json\/wp\/v2\/pages"}],"about":[{"href":"https:\/\/mdo.juno.io\/fr\/wp-json\/wp\/v2\/types\/page"}],"author":[{"embeddable":true,"href":"https:\/\/mdo.juno.io\/fr\/wp-json\/wp\/v2\/users\/1"}],"replies":[{"embeddable":true,"href":"https:\/\/mdo.juno.io\/fr\/wp-json\/wp\/v2\/comments?post=206599"}],"version-history":[{"count":0,"href":"https:\/\/mdo.juno.io\/fr\/wp-json\/wp\/v2\/pages\/206599\/revisions"}],"wp:featuredmedia":[{"embeddable":true,"href":"https:\/\/mdo.juno.io\/fr\/wp-json\/wp\/v2\/media\/177209"}],"wp:attachment":[{"href":"https:\/\/mdo.juno.io\/fr\/wp-json\/wp\/v2\/media?parent=206599"}],"curies":[{"name":"wp","href":"https:\/\/api.w.org\/{rel}","templated":true}]}}