{"id":209454,"date":"2024-09-09T09:17:03","date_gmt":"2024-09-09T09:17:03","guid":{"rendered":"https:\/\/www.mountaindropoffs.com\/werben-sie-mit-uns\/"},"modified":"2025-01-15T12:05:05","modified_gmt":"2025-01-15T12:05:05","slug":"werben-sie-mit-uns","status":"publish","type":"page","link":"https:\/\/mdo.juno.io\/de\/werben-sie-mit-uns\/","title":{"rendered":"Werben Sie mit uns"},"content":{"rendered":"<h3>Bus Werbung<\/h3>\n<p>Mountain Drop-offs ist das dienst\u00e4lteste Flughafentransferunternehmen in Chamonix. Wir bef\u00f6rdern t\u00e4glich Tausende von Personen. Unsere Transporter bieten Werbekunden die perfekte Gelegenheit, <strong>ihr Publikum in den Alpen anzusprechen. <\/strong>   <\/p>\n<p><strong>Die Werbung auf der R\u00fcckseite eines Transporters von Mountain Drop-offs bietet Ihnen die M\u00f6glichkeit, eine gro\u00dfe Reichweite zu erzielen:<\/strong><\/p>\n<ul>\n<li style=\"list-style-type: none;\">\n<ul>\n<li>lokales Publikum<\/li>\n<li>Touristen<\/li>\n<li>Pendler<\/li>\n<\/ul>\n<\/li>\n<\/ul>\n<p>Unsere Routen umfassen Genf, Chamonix, Argentiere, Les Houches, Vallorcine, Meg\u00e8ve, Saint GervaisLes ContaminesCombloux, Morzine, Les Gets, Avoriaz, Flaine, Les Carroz, Genf Flughafen, Grenoble Flughafen, Annecy, Talloires, Evian Les Bains, Meribel, Courchevel, Courmayeur, Tignes, Val d&#8217;Isere, Verbier, Zermatt, Les Arcs und La Plagne<\/p>\n<p><a href=\"https:\/\/www.mountaindropoffs.com\/contact-details\/\">Nehmen Sie Kontakt auf f\u00fcr weitere Informationen<\/a><\/p>\n<div id=\"gtx-trans\" style=\"position: absolute; left: 618px; top: 289.516px;\">\n<div class=\"gtx-trans-icon\"><\/div>\n<\/div>\n","protected":false},"excerpt":{"rendered":"<p>Bus Werbung Mountain Drop-offs ist das dienst\u00e4lteste Flughafentransferunternehmen in Chamonix. Wir bef\u00f6rdern t\u00e4glich Tausende von Personen. Unsere Transporter bieten Werbekunden die perfekte Gelegenheit, ihr Publikum in den Alpen anzusprechen. Die Werbung auf der R\u00fcckseite eines Transporters von Mountain Drop-offs bietet Ihnen die M\u00f6glichkeit, eine gro\u00dfe Reichweite zu erzielen: lokales Publikum Touristen Pendler Unsere Routen umfassen [&hellip;]<\/p>\n","protected":false},"author":1,"featured_media":209456,"parent":0,"menu_order":0,"comment_status":"closed","ping_status":"closed","template":"template-standard.php","meta":{"_acf_changed":false,"inline_featured_image":false,"footnotes":""},"class_list":["post-209454","page","type-page","status-publish","has-post-thumbnail","hentry"],"acf":[],"yoast_head":"<!-- This site is optimized with the Yoast SEO plugin v26.8 - https:\/\/yoast.com\/product\/yoast-seo-wordpress\/ -->\n<title>Werben Sie mit uns - Mountain Dropoffs<\/title>\n<meta name=\"robots\" content=\"index, follow, max-snippet:-1, max-image-preview:large, max-video-preview:-1\" \/>\n<link rel=\"canonical\" href=\"https:\/\/mdo.juno.io\/de\/werben-sie-mit-uns\/\" \/>\n<meta property=\"og:locale\" content=\"de_DE\" \/>\n<meta property=\"og:type\" content=\"article\" \/>\n<meta property=\"og:title\" content=\"Werben Sie mit uns - Mountain Dropoffs\" \/>\n<meta property=\"og:description\" content=\"Bus Werbung Mountain Drop-offs ist das dienst\u00e4lteste Flughafentransferunternehmen in Chamonix. Wir bef\u00f6rdern t\u00e4glich Tausende von Personen. Unsere Transporter bieten Werbekunden die perfekte Gelegenheit, ihr Publikum in den Alpen anzusprechen. Die Werbung auf der R\u00fcckseite eines Transporters von Mountain Drop-offs bietet Ihnen die M\u00f6glichkeit, eine gro\u00dfe Reichweite zu erzielen: lokales Publikum Touristen Pendler Unsere Routen umfassen [&hellip;]\" \/>\n<meta property=\"og:url\" content=\"https:\/\/mdo.juno.io\/de\/werben-sie-mit-uns\/\" \/>\n<meta property=\"og:site_name\" content=\"Mountain Dropoffs\" \/>\n<meta property=\"article:modified_time\" content=\"2025-01-15T12:05:05+00:00\" \/>\n<meta property=\"og:image\" content=\"https:\/\/mdo.juno.io\/wp-content\/uploads\/2018\/10\/44132118_1652715184834197_8191255025842913280_o-e1726249603278.jpg\" \/>\n\t<meta property=\"og:image:width\" content=\"1921\" \/>\n\t<meta property=\"og:image:height\" content=\"1280\" \/>\n\t<meta property=\"og:image:type\" content=\"image\/jpeg\" \/>\n<meta name=\"twitter:card\" content=\"summary_large_image\" \/>\n<meta name=\"twitter:label1\" content=\"Gesch\u00e4tzte Lesezeit\" \/>\n\t<meta name=\"twitter:data1\" content=\"1\u00a0Minute\" \/>\n<script type=\"application\/ld+json\" class=\"yoast-schema-graph\">{\"@context\":\"https:\/\/schema.org\",\"@graph\":[{\"@type\":\"WebPage\",\"@id\":\"https:\/\/mdo.juno.io\/de\/werben-sie-mit-uns\/\",\"url\":\"https:\/\/mdo.juno.io\/de\/werben-sie-mit-uns\/\",\"name\":\"Werben Sie mit uns - Mountain Dropoffs\",\"isPartOf\":{\"@id\":\"https:\/\/mdo.juno.io\/de\/#website\"},\"primaryImageOfPage\":{\"@id\":\"https:\/\/mdo.juno.io\/de\/werben-sie-mit-uns\/#primaryimage\"},\"image\":{\"@id\":\"https:\/\/mdo.juno.io\/de\/werben-sie-mit-uns\/#primaryimage\"},\"thumbnailUrl\":\"https:\/\/mdo.juno.io\/wp-content\/uploads\/2018\/10\/44132118_1652715184834197_8191255025842913280_o-e1726249603278.jpg\",\"datePublished\":\"2024-09-09T09:17:03+00:00\",\"dateModified\":\"2025-01-15T12:05:05+00:00\",\"breadcrumb\":{\"@id\":\"https:\/\/mdo.juno.io\/de\/werben-sie-mit-uns\/#breadcrumb\"},\"inLanguage\":\"de\",\"potentialAction\":[{\"@type\":\"ReadAction\",\"target\":[\"https:\/\/mdo.juno.io\/de\/werben-sie-mit-uns\/\"]}]},{\"@type\":\"ImageObject\",\"inLanguage\":\"de\",\"@id\":\"https:\/\/mdo.juno.io\/de\/werben-sie-mit-uns\/#primaryimage\",\"url\":\"https:\/\/mdo.juno.io\/wp-content\/uploads\/2018\/10\/44132118_1652715184834197_8191255025842913280_o-e1726249603278.jpg\",\"contentUrl\":\"https:\/\/mdo.juno.io\/wp-content\/uploads\/2018\/10\/44132118_1652715184834197_8191255025842913280_o-e1726249603278.jpg\",\"width\":1921,\"height\":1280},{\"@type\":\"BreadcrumbList\",\"@id\":\"https:\/\/mdo.juno.io\/de\/werben-sie-mit-uns\/#breadcrumb\",\"itemListElement\":[{\"@type\":\"ListItem\",\"position\":1,\"name\":\"Home\",\"item\":\"https:\/\/mdo.juno.io\/de\/\"},{\"@type\":\"ListItem\",\"position\":2,\"name\":\"Werben Sie mit uns\"}]},{\"@type\":\"WebSite\",\"@id\":\"https:\/\/mdo.juno.io\/de\/#website\",\"url\":\"https:\/\/mdo.juno.io\/de\/\",\"name\":\"Mountain Dropoffs\",\"description\":\"\",\"potentialAction\":[{\"@type\":\"SearchAction\",\"target\":{\"@type\":\"EntryPoint\",\"urlTemplate\":\"https:\/\/mdo.juno.io\/de\/?s={search_term_string}\"},\"query-input\":{\"@type\":\"PropertyValueSpecification\",\"valueRequired\":true,\"valueName\":\"search_term_string\"}}],\"inLanguage\":\"de\"}]}<\/script>\n<!-- \/ Yoast SEO plugin. -->","yoast_head_json":{"title":"Werben Sie mit uns - Mountain Dropoffs","robots":{"index":"index","follow":"follow","max-snippet":"max-snippet:-1","max-image-preview":"max-image-preview:large","max-video-preview":"max-video-preview:-1"},"canonical":"https:\/\/mdo.juno.io\/de\/werben-sie-mit-uns\/","og_locale":"de_DE","og_type":"article","og_title":"Werben Sie mit uns - Mountain Dropoffs","og_description":"Bus Werbung Mountain Drop-offs ist das dienst\u00e4lteste Flughafentransferunternehmen in Chamonix. Wir bef\u00f6rdern t\u00e4glich Tausende von Personen. Unsere Transporter bieten Werbekunden die perfekte Gelegenheit, ihr Publikum in den Alpen anzusprechen. Die Werbung auf der R\u00fcckseite eines Transporters von Mountain Drop-offs bietet Ihnen die M\u00f6glichkeit, eine gro\u00dfe Reichweite zu erzielen: lokales Publikum Touristen Pendler Unsere Routen umfassen [&hellip;]","og_url":"https:\/\/mdo.juno.io\/de\/werben-sie-mit-uns\/","og_site_name":"Mountain Dropoffs","article_modified_time":"2025-01-15T12:05:05+00:00","og_image":[{"width":1921,"height":1280,"url":"https:\/\/mdo.juno.io\/wp-content\/uploads\/2018\/10\/44132118_1652715184834197_8191255025842913280_o-e1726249603278.jpg","type":"image\/jpeg"}],"twitter_card":"summary_large_image","twitter_misc":{"Gesch\u00e4tzte Lesezeit":"1\u00a0Minute"},"schema":{"@context":"https:\/\/schema.org","@graph":[{"@type":"WebPage","@id":"https:\/\/mdo.juno.io\/de\/werben-sie-mit-uns\/","url":"https:\/\/mdo.juno.io\/de\/werben-sie-mit-uns\/","name":"Werben Sie mit uns - Mountain Dropoffs","isPartOf":{"@id":"https:\/\/mdo.juno.io\/de\/#website"},"primaryImageOfPage":{"@id":"https:\/\/mdo.juno.io\/de\/werben-sie-mit-uns\/#primaryimage"},"image":{"@id":"https:\/\/mdo.juno.io\/de\/werben-sie-mit-uns\/#primaryimage"},"thumbnailUrl":"https:\/\/mdo.juno.io\/wp-content\/uploads\/2018\/10\/44132118_1652715184834197_8191255025842913280_o-e1726249603278.jpg","datePublished":"2024-09-09T09:17:03+00:00","dateModified":"2025-01-15T12:05:05+00:00","breadcrumb":{"@id":"https:\/\/mdo.juno.io\/de\/werben-sie-mit-uns\/#breadcrumb"},"inLanguage":"de","potentialAction":[{"@type":"ReadAction","target":["https:\/\/mdo.juno.io\/de\/werben-sie-mit-uns\/"]}]},{"@type":"ImageObject","inLanguage":"de","@id":"https:\/\/mdo.juno.io\/de\/werben-sie-mit-uns\/#primaryimage","url":"https:\/\/mdo.juno.io\/wp-content\/uploads\/2018\/10\/44132118_1652715184834197_8191255025842913280_o-e1726249603278.jpg","contentUrl":"https:\/\/mdo.juno.io\/wp-content\/uploads\/2018\/10\/44132118_1652715184834197_8191255025842913280_o-e1726249603278.jpg","width":1921,"height":1280},{"@type":"BreadcrumbList","@id":"https:\/\/mdo.juno.io\/de\/werben-sie-mit-uns\/#breadcrumb","itemListElement":[{"@type":"ListItem","position":1,"name":"Home","item":"https:\/\/mdo.juno.io\/de\/"},{"@type":"ListItem","position":2,"name":"Werben Sie mit uns"}]},{"@type":"WebSite","@id":"https:\/\/mdo.juno.io\/de\/#website","url":"https:\/\/mdo.juno.io\/de\/","name":"Mountain Dropoffs","description":"","potentialAction":[{"@type":"SearchAction","target":{"@type":"EntryPoint","urlTemplate":"https:\/\/mdo.juno.io\/de\/?s={search_term_string}"},"query-input":{"@type":"PropertyValueSpecification","valueRequired":true,"valueName":"search_term_string"}}],"inLanguage":"de"}]}},"_links":{"self":[{"href":"https:\/\/mdo.juno.io\/de\/wp-json\/wp\/v2\/pages\/209454","targetHints":{"allow":["GET"]}}],"collection":[{"href":"https:\/\/mdo.juno.io\/de\/wp-json\/wp\/v2\/pages"}],"about":[{"href":"https:\/\/mdo.juno.io\/de\/wp-json\/wp\/v2\/types\/page"}],"author":[{"embeddable":true,"href":"https:\/\/mdo.juno.io\/de\/wp-json\/wp\/v2\/users\/1"}],"replies":[{"embeddable":true,"href":"https:\/\/mdo.juno.io\/de\/wp-json\/wp\/v2\/comments?post=209454"}],"version-history":[{"count":0,"href":"https:\/\/mdo.juno.io\/de\/wp-json\/wp\/v2\/pages\/209454\/revisions"}],"wp:featuredmedia":[{"embeddable":true,"href":"https:\/\/mdo.juno.io\/de\/wp-json\/wp\/v2\/media\/209456"}],"wp:attachment":[{"href":"https:\/\/mdo.juno.io\/de\/wp-json\/wp\/v2\/media?parent=209454"}],"curies":[{"name":"wp","href":"https:\/\/api.w.org\/{rel}","templated":true}]}}